{"id":5096,"date":"2016-11-27T20:47:49","date_gmt":"2016-11-27T20:47:49","guid":{"rendered":"https:\/\/thealmondconnection.com\/team\/"},"modified":"2023-03-27T10:33:45","modified_gmt":"2023-03-27T10:33:45","slug":"equip","status":"publish","type":"page","link":"https:\/\/thealmondconnection.com\/ca\/equip\/","title":{"rendered":"EQUIP"},"content":{"rendered":"<p>[vc_row rt_row_background_width=&#8221;fullwidth&#8221; rt_row_content_width=&#8221;default&#8221; rt_row_style=&#8221;default-style&#8221; rt_row_height=&#8221;&#8221; rt_column_placement=&#8221;middle&#8221; rt_column_gaps=&#8221;&#8221; rt_row_shadows=&#8221;&#8221; rt_row_paddings=&#8221;true&#8221; rt_row_borders=&#8221;&#8221; rt_bg_effect=&#8221;classic&#8221; rt_transparent_bg=&#8221;true&#8221; rt_bg_image_repeat=&#8221;repeat&#8221; rt_bg_size=&#8221;cover&#8221; rt_bg_position=&#8221;right top&#8221; rt_bg_attachment=&#8221;scroll&#8221; rt_bg_layer=&#8221;custom&#8221; rt_bg_v_align=&#8221;top&#8221; rt_bg_h_align=&#8221;left&#8221; rt_bg_video_format=&#8221;self-hosted&#8221; rt_layer_color=&#8221;#000000&#8243; rt_bg_custom_height=&#8221;100px&#8221; rt_padding_top=&#8221;40&#8243; class=&#8221;almond-gradient-label&#8221;][vc_column rt_col_paddings=&#8221;true&#8221; rt_wrp_col_paddings=&#8221;false&#8221; rt_column_shadow=&#8221;&#8221; rt_border_top=&#8221;&#8221; rt_border_bottom=&#8221;&#8221; rt_border_left=&#8221;&#8221; rt_border_right=&#8221;&#8221; rt_border_top_mobile=&#8221;&#8221; rt_border_bottom_mobile=&#8221;&#8221; rt_border_left_mobile=&#8221;&#8221; rt_border_right_mobile=&#8221;&#8221; rt_bg_image_repeat=&#8221;repeat&#8221; rt_bg_size=&#8221;auto auto&#8221; rt_bg_position=&#8221;right top&#8221; rt_bg_attachment=&#8221;scroll&#8221;]<section id=\"staff-153265\" class=\"team clearfix fixed_heights rt-flex-wrapper \"><div class=\"row clearfix\"><div class=\"col col-sm-4\">\n\n<div class=\"loop default-style post-5099 staff type-staff status-publish has-post-thumbnail hentry\" id=\"person-5099\">\t\n\n\t\t<div class=\"person_image\">\t\t\n\t\t<div class=\"person_image_wrapper\">\n\t\t\t\n\t\t\t\t\t\t\t<a href=\"https:\/\/thealmondconnection.com\/ca\/team\/ingrid-bortels\/\"><img loading=\"lazy\" decoding=\"async\" src=\"https:\/\/thealmondconnection.com\/wp-content\/uploads\/2014\/02\/ingrid-bortels-500x750-480x720.jpg\" alt=\"\" class=\"\" width=\"480\" height=\"720\" \/><\/a>\n\t\t\t\t\t\t\n\t\t<\/div>\n\t<\/div>\n\t\n\t<div class=\"person_data\">\n\n\t\t\t\t\t<h5 class=\"person_name\"><a href=\"https:\/\/thealmondconnection.com\/ca\/team\/ingrid-bortels\/\">Ingrid Bortels<\/a><\/h5>\n\t\t\n\t\t\t\t\t<span class=\"position\">Catalitzadora  -  Insights<\/span>\n\t\t\n\t\t\t\t<div class=\"profile\">\n\t\t\t<p>Despr\u00e9s d\u2019haver dirigit projectes internacionals d\u2019investigaci\u00f3 de mercats per a companyies como Unilever I Mondelez, va decidir crear la seva pr\u00f2pia consultora i tornar a prendre el control de la seva vida.<\/p>\n<p>\u00c9s 200% passi\u00f3 i energia, tant en els seus projectes professionals com quan parla d\u2019ecologia, viatges, l\u2019Orient Mitj\u00e0 o les dance-club sessions que organitza.<\/p>\n<p>Tothom sap que no canviaria el sol de Barcelona pel seu Flandes natal.\u00a0<\/p>\n\t\t<\/div> \n\t\t\n\t\t<div class=\"person_links_wrapper\"><ul class=\"social_media\"><li class=\"mail\"><a class=\"ui-icon-mail\" target=\"_self\" href=\"mailto:ingrid@thealmondconnection.com\" title=\"Email\"><span>Send Email<\/span><\/a><\/li><li class=\"twitter\"><a class=\"ui-icon-twitter\" target=\"_blank\" href=\"https:\/\/twitter.com\/TheAlmondTeam\" title=\"Twitter\"><span>Twitter<\/span><\/a><\/li><li class=\"linkedin\"><a class=\"ui-icon-linkedin\" target=\"_blank\" href=\"https:\/\/linkedin.com\/in\/ingridbortels\" title=\"Linkedin\"><span>Linkedin<\/span><\/a><\/li><li class=\"instagram\"><a class=\"ui-icon-instagram\" target=\"_blank\" href=\"https:\/\/www.instagram.com\/thealmondconnection\/\" title=\"Instagram\"><span>Instagram<\/span><\/a><\/li><\/ul><\/div>\t\n\t<\/div> \n\t\n<\/div>\n\t\t\t<\/div>\n<div class=\"col col-sm-4\">\n\n<div class=\"loop default-style post-5103 staff type-staff status-publish has-post-thumbnail hentry\" id=\"person-5103\">\t\n\n\t\t<div class=\"person_image\">\t\t\n\t\t<div class=\"person_image_wrapper\">\n\t\t\t\n\t\t\t\t\t\t\t<a href=\"https:\/\/thealmondconnection.com\/ca\/team\/ines-sola\/\"><img loading=\"lazy\" decoding=\"async\" src=\"https:\/\/thealmondconnection.com\/wp-content\/uploads\/2014\/02\/ines_sola-500x750-480x720.jpg\" alt=\"\" class=\"\" width=\"480\" height=\"720\" \/><\/a>\n\t\t\t\t\t\t\n\t\t<\/div>\n\t<\/div>\n\t\n\t<div class=\"person_data\">\n\n\t\t\t\t\t<h5 class=\"person_name\"><a href=\"https:\/\/thealmondconnection.com\/ca\/team\/ines-sola\/\">In\u00e9s Sol\u00e0<\/a><\/h5>\n\t\t\n\t\t\t\t\t<span class=\"position\">Storydoer - Communication<\/span>\n\t\t\n\t\t\t\t<div class=\"profile\">\n\t\t\t<p>Multifac\u00e8tica. Capa\u00e7 de dissenyar una estrat\u00e8gia de posicionament i RRII como d\u2019organitzar un esdeveniment. <\/p>\n<p>Com a consultora i directora de corporate affairs, ha treballat per a pimes i grans companyies cotitzades de diferents sectors.  <\/p>\n<p>Per carregar piles, la trobar\u00e0s davant del mar o al Pallars.<br \/>\nAmant de l\u2019esqu\u00ed i dels esports de raqueta, aplica la seva visi\u00f3 estrat\u00e9gica incl\u00fas a la pista. <\/p>\n\t\t<\/div> \n\t\t\n\t\t<div class=\"person_links_wrapper\"><ul class=\"social_media\"><li class=\"mail\"><a class=\"ui-icon-mail\" target=\"_self\" href=\"mailto:ines@thealmondconnection.com\" title=\"Email\"><span>Send Email<\/span><\/a><\/li><li class=\"twitter\"><a class=\"ui-icon-twitter\" target=\"_blank\" href=\"https:\/\/twitter.com\/TheAlmondTeam\" title=\"Twitter\"><span>Twitter<\/span><\/a><\/li><li class=\"linkedin\"><a class=\"ui-icon-linkedin\" target=\"_blank\" href=\"https:\/\/www.linkedin.com\/in\/inessolagarriga\" title=\"Linkedin\"><span>Linkedin<\/span><\/a><\/li><li class=\"instagram\"><a class=\"ui-icon-instagram\" target=\"_blank\" href=\"https:\/\/www.instagram.com\/thealmondconnection\/\" title=\"Instagram\"><span>Instagram<\/span><\/a><\/li><\/ul><\/div>\t\n\t<\/div> \n\t\n<\/div>\n\t\t\t<\/div>\n<div class=\"col col-sm-4\">\n\n<div class=\"loop default-style post-5111 staff type-staff status-publish has-post-thumbnail hentry\" id=\"person-5111\">\t\n\n\t\t<div class=\"person_image\">\t\t\n\t\t<div class=\"person_image_wrapper\">\n\t\t\t\n\t\t\t\t\t\t\t<a href=\"https:\/\/thealmondconnection.com\/ca\/team\/hector-calvo\/\"><img loading=\"lazy\" decoding=\"async\" src=\"https:\/\/thealmondconnection.com\/wp-content\/uploads\/2014\/02\/hector_calvo-500x750-480x720.jpg\" alt=\"\" class=\"\" width=\"480\" height=\"720\" \/><\/a>\n\t\t\t\t\t\t\n\t\t<\/div>\n\t<\/div>\n\t\n\t<div class=\"person_data\">\n\n\t\t\t\t\t<h5 class=\"person_name\"><a href=\"https:\/\/thealmondconnection.com\/ca\/team\/hector-calvo\/\">H\u00e9ctor Calvo<\/a><\/h5>\n\t\t\n\t\t\t\t\t<span class=\"position\">Storydoer - Communication<\/span>\n\t\t\n\t\t\t\t<div class=\"profile\">\n\t\t\t<p>Els sis anys que va treballar com a lobbista a Brussel\u00b7les el van ajudar a entendre la import\u00e0ncia dels Public Affairs i la necessitat de les companyies de connectar amb els seus stakeholders.  Un coneixement que ha desenvolupat com a consultor de grans companyies. <\/p>\n<p>Quan no \u00e9s a l\u2019oficina el pots trobar amb un llibre a les mans o tocant la seva Stratocaster japonesa del 62 sobre l\u2019escenari amb la seva banda de rock.<\/p>\n\t\t<\/div> \n\t\t\n\t\t<div class=\"person_links_wrapper\"><ul class=\"social_media\"><li class=\"mail\"><a class=\"ui-icon-mail\" target=\"_self\" href=\"mailto:hector@thealmondconnection.com\" title=\"Email\"><span>Send Email<\/span><\/a><\/li><li class=\"twitter\"><a class=\"ui-icon-twitter\" target=\"_blank\" href=\"https:\/\/twitter.com\/TheAlmondTeam\" title=\"Twitter\"><span>Twitter<\/span><\/a><\/li><li class=\"linkedin\"><a class=\"ui-icon-linkedin\" target=\"_blank\" href=\"https:\/\/www.linkedin.com\/in\/hectorcalvo\" title=\"Linkedin\"><span>Linkedin<\/span><\/a><\/li><li class=\"instagram\"><a class=\"ui-icon-instagram\" target=\"_blank\" href=\"https:\/\/www.instagram.com\/thealmondconnection\/\" title=\"Instagram\"><span>Instagram<\/span><\/a><\/li><\/ul><\/div>\t\n\t<\/div> \n\t\n<\/div>\n\t\t\t<\/div>\n<\/div><\/section>[\/vc_column][\/vc_row][vc_row rt_row_background_width=&#8221;fullwidth&#8221; rt_row_content_width=&#8221;default&#8221; rt_row_style=&#8221;default-style&#8221; rt_row_height=&#8221;&#8221; rt_column_placement=&#8221;middle&#8221; rt_column_gaps=&#8221;&#8221; rt_row_shadows=&#8221;&#8221; rt_row_paddings=&#8221;true&#8221; rt_row_borders=&#8221;&#8221; rt_bg_effect=&#8221;classic&#8221; rt_transparent_bg=&#8221;true&#8221; rt_bg_image_repeat=&#8221;repeat&#8221; rt_bg_size=&#8221;cover&#8221; rt_bg_position=&#8221;right top&#8221; rt_bg_attachment=&#8221;scroll&#8221; rt_bg_layer=&#8221;custom&#8221; rt_bg_v_align=&#8221;top&#8221; rt_bg_h_align=&#8221;left&#8221; rt_bg_video_format=&#8221;self-hosted&#8221; rt_layer_color=&#8221;#000000&#8243; rt_bg_custom_height=&#8221;100px&#8221; rt_padding_top=&#8221;40&#8243; rt_padding_bottom=&#8221;40&#8243; class=&#8221;almond-gradient-label&#8221;][vc_column rt_col_paddings=&#8221;true&#8221; rt_wrp_col_paddings=&#8221;false&#8221; rt_column_shadow=&#8221;&#8221; rt_border_top=&#8221;&#8221; rt_border_bottom=&#8221;&#8221; rt_border_left=&#8221;&#8221; rt_border_right=&#8221;&#8221; rt_border_top_mobile=&#8221;&#8221; rt_border_bottom_mobile=&#8221;&#8221; rt_border_left_mobile=&#8221;&#8221; rt_border_right_mobile=&#8221;&#8221; rt_bg_image_repeat=&#8221;repeat&#8221; rt_bg_size=&#8221;auto auto&#8221; rt_bg_position=&#8221;right top&#8221; rt_bg_attachment=&#8221;scroll&#8221;]<section id=\"staff-588518\" class=\"team clearfix fixed_heights rt-flex-wrapper \"><div class=\"row clearfix\"><div class=\"col col-sm-4\">\n\n<div class=\"loop default-style post-5914 staff type-staff status-publish has-post-thumbnail hentry\" id=\"person-5914\">\t\n\n\t\t<div class=\"person_image\">\t\t\n\t\t<div class=\"person_image_wrapper\">\n\t\t\t\n\t\t\t\t\t\t\t<a href=\"https:\/\/thealmondconnection.com\/ca\/team\/lina-kanapinskaite\/\"><img loading=\"lazy\" decoding=\"async\" src=\"https:\/\/thealmondconnection.com\/wp-content\/uploads\/2020\/09\/lina_kanapinskaite-480x720.jpg\" alt=\"lina_kanapinskaite\" class=\"\" width=\"480\" height=\"720\" \/><\/a>\n\t\t\t\t\t\t\n\t\t<\/div>\n\t<\/div>\n\t\n\t<div class=\"person_data\">\n\n\t\t\t\t\t<h5 class=\"person_name\"><a href=\"https:\/\/thealmondconnection.com\/ca\/team\/lina-kanapinskaite\/\">Lina Kanapinskaite<\/a><\/h5>\n\t\t\n\t\t\t\t\t<span class=\"position\">Connector - Insights &amp; Marketing<\/span>\n\t\t\n\t\t\t\t<div class=\"profile\">\n\t\t\t<p>Lina t\u00e9 m\u00e9s de 15 anys d&#8217;experi\u00e8ncia en m\u00e0rqueting i en investigaci\u00f3 de mercats en companyies globals (com Orange i Unilever) i en ag\u00e8ncies d&#8217;innovaci\u00f3 (per a clients com Coca Cola, Nestl\u00e9, Peugeot, LVMH, Chanel, L&#8217;Or\u00e9al i Pernod Ricard ). <\/p>\n<p>En aprenentatge constant, li encanta sortir de la seva zona de confort per afrontar reptes de companyies grans i petites, a les que ajuda amb la seva experi\u00e8ncia en m\u00e0rqueting i investigaci\u00f3. <\/p>\n<p>Lina \u00e9s coach certificada i ent\u00e9n les din\u00e0miques individuals i de grup per ajudar els equips a assolir els seus objectius comuns. Nascuda a Litu\u00e0nia, viu al sud de Fran\u00e7a on ha creat una xarxa Lean In d&#8217;apoderament femen\u00ed.<\/p>\n\t\t<\/div> \n\t\t\n\t\t<div class=\"person_links_wrapper\"><ul class=\"social_media\"><li class=\"mail\"><a class=\"ui-icon-mail\" target=\"_self\" href=\"mailto:lina@thealmondconnection.com\" title=\"Email\"><span>Enviar e-mail<\/span><\/a><\/li><li class=\"twitter\"><a class=\"ui-icon-twitter\" target=\"_blank\" href=\"https:\/\/twitter.com\/TheAlmondTeam\" title=\"Twitter\"><span>Twitter<\/span><\/a><\/li><li class=\"linkedin\"><a class=\"ui-icon-linkedin\" target=\"_blank\" href=\"https:\/\/www.linkedin.com\/in\/lina-kanapinskaite-0836b41\/\" title=\"Linkedin\"><span>LinkedIn<\/span><\/a><\/li><li class=\"instagram\"><a class=\"ui-icon-instagram\" target=\"_blank\" href=\"https:\/\/www.instagram.com\/thealmondconnection\/\" title=\"Instagram\"><span>Instagram<\/span><\/a><\/li><\/ul><\/div>\t\n\t<\/div> \n\t\n<\/div>\n\t\t\t<\/div>\n<div class=\"col col-sm-4\">\n\n<div class=\"loop default-style post-5108 staff type-staff status-publish has-post-thumbnail hentry\" id=\"person-5108\">\t\n\n\t\t<div class=\"person_image\">\t\t\n\t\t<div class=\"person_image_wrapper\">\n\t\t\t\n\t\t\t\t\t\t\t<a href=\"https:\/\/thealmondconnection.com\/ca\/team\/xavier-barrachina\/\"><img loading=\"lazy\" decoding=\"async\" src=\"https:\/\/thealmondconnection.com\/wp-content\/uploads\/2014\/02\/xavier_barrachina-500x750-480x720.jpg\" alt=\"\" class=\"\" width=\"480\" height=\"720\" \/><\/a>\n\t\t\t\t\t\t\n\t\t<\/div>\n\t<\/div>\n\t\n\t<div class=\"person_data\">\n\n\t\t\t\t\t<h5 class=\"person_name\"><a href=\"https:\/\/thealmondconnection.com\/ca\/team\/xavier-barrachina\/\">Xavier Barrachina<\/a><\/h5>\n\t\t\n\t\t\t\t\t<span class=\"position\">Connector - Communication<\/span>\n\t\t\n\t\t\t\t<div class=\"profile\">\n\t\t\t<p>Comunicador i Connector de mena, defensa la integritat de la comunicaci\u00f3 i treballa per traslladar aquesta visi\u00f3 a les empreses i directors que assessora.<\/p>\n<p>T\u00e9 experi\u00e8ncia treballant per a grans companyies i coneix com pocs el sector hoteler.\u00a0<\/p>\n<p>Combina la seva passi\u00f3 per la comunicaci\u00f3 amb el seu amor pel vi, aix\u00ed que no dubteu a demanar-li una copa d&#8217;una de les bodegues biodin\u00e0miques m\u00e9s interessants de la regi\u00f3 del Priorat, que llan\u00e7a al mercat.<\/p>\n\t\t<\/div> \n\t\t\n\t\t<div class=\"person_links_wrapper\"><ul class=\"social_media\"><li class=\"mail\"><a class=\"ui-icon-mail\" target=\"_self\" href=\"mailto:xavier@thealmondconnection.com\" title=\"Email\"><span>Send Email<\/span><\/a><\/li><li class=\"twitter\"><a class=\"ui-icon-twitter\" target=\"_blank\" href=\"https:\/\/twitter.com\/TheAlmondTeam\" title=\"Twitter\"><span>Twitter<\/span><\/a><\/li><li class=\"linkedin\"><a class=\"ui-icon-linkedin\" target=\"_blank\" href=\"https:\/\/linkedin.com\/in\/xavierbarrachina\" title=\"Linkedin\"><span>Linkedin<\/span><\/a><\/li><li class=\"instagram\"><a class=\"ui-icon-instagram\" target=\"_blank\" href=\"https:\/\/www.instagram.com\/thealmondconnection\/\" title=\"Instagram\"><span>Instagram<\/span><\/a><\/li><\/ul><\/div>\t\n\t<\/div> \n\t\n<\/div>\n\t\t\t<\/div>\n<div class=\"col col-sm-4\">\n\n<div class=\"loop default-style post-5513 staff type-staff status-publish has-post-thumbnail hentry\" id=\"person-5513\">\t\n\n\t\t<div class=\"person_image\">\t\t\n\t\t<div class=\"person_image_wrapper\">\n\t\t\t\n\t\t\t\t\t\t\t<a href=\"https:\/\/thealmondconnection.com\/ca\/team\/marta-estadella\/\"><img loading=\"lazy\" decoding=\"async\" src=\"https:\/\/thealmondconnection.com\/wp-content\/uploads\/2014\/02\/marta_estadella-500x750-480x720.jpg\" alt=\"\" class=\"\" width=\"480\" height=\"720\" \/><\/a>\n\t\t\t\t\t\t\n\t\t<\/div>\n\t<\/div>\n\t\n\t<div class=\"person_data\">\n\n\t\t\t\t\t<h5 class=\"person_name\"><a href=\"https:\/\/thealmondconnection.com\/ca\/team\/marta-estadella\/\">Marta Estadella<\/a><\/h5>\n\t\t\n\t\t\t\t\t<span class=\"position\">Connectora \u2013 Insights &amp; Marketing<\/span>\n\t\t\n\t\t\t\t<div class=\"profile\">\n\t\t\t<p>Experta en marketing &#038; insights despr\u00e9s de 20 anys d\u2019una carrera d\u2019\u00e8xit a Unilever.<\/p>\n<p>L&#8217;apassiona connectar dades i persones, i ha adquirit una gran intu\u00efci\u00f3 per a connectar idees, insights, desafiaments i somnis \u2026 Creu que tots tenim un talent intern per explotar i la capacitat per desenvolupar-lo.<\/p>\n<p>\u00c9s una aut\u00e8ntica fan del Bar\u00e7a i adora els esports, especialment aquells que li permeten estar en contacte amb la natura.<\/p>\n\t\t<\/div> \n\t\t\n\t\t<div class=\"person_links_wrapper\"><ul class=\"social_media\"><li class=\"mail\"><a class=\"ui-icon-mail\" target=\"_self\" href=\"mailto:marta@thealmondconnection.com\" title=\"Email\"><span>Send Email<\/span><\/a><\/li><li class=\"twitter\"><a class=\"ui-icon-twitter\" target=\"_blank\" href=\"https:\/\/twitter.com\/TheAlmondTeam\" title=\"Twitter\"><span>Twitter<\/span><\/a><\/li><li class=\"linkedin\"><a class=\"ui-icon-linkedin\" target=\"_blank\" href=\"https:\/\/linkedin.com\/in\/marta-estadella-brillas-27745bb\" title=\"Linkedin\"><span>Linkedin<\/span><\/a><\/li><li class=\"instagram\"><a class=\"ui-icon-instagram\" target=\"_blank\" href=\"https:\/\/www.instagram.com\/thealmondconnection\/\" title=\"Instagram\"><span>Instagram<\/span><\/a><\/li><\/ul><\/div>\t\n\t<\/div> \n\t\n<\/div>\n\t\t\t<\/div>\n<\/div><\/section>[\/vc_column][\/vc_row][vc_row rt_row_background_width=&#8221;fullwidth&#8221; rt_row_content_width=&#8221;default&#8221; rt_row_style=&#8221;default-style&#8221; rt_row_height=&#8221;&#8221; rt_column_placement=&#8221;middle&#8221; rt_column_gaps=&#8221;&#8221; rt_row_shadows=&#8221;&#8221; rt_row_paddings=&#8221;true&#8221; rt_row_borders=&#8221;&#8221; rt_bg_effect=&#8221;classic&#8221; rt_transparent_bg=&#8221;true&#8221; rt_bg_image_repeat=&#8221;repeat&#8221; rt_bg_size=&#8221;cover&#8221; rt_bg_position=&#8221;right top&#8221; rt_bg_attachment=&#8221;scroll&#8221; rt_bg_layer=&#8221;custom&#8221; rt_bg_v_align=&#8221;top&#8221; rt_bg_h_align=&#8221;left&#8221; rt_bg_video_format=&#8221;self-hosted&#8221; rt_layer_color=&#8221;#000000&#8243; rt_bg_custom_height=&#8221;100px&#8221; rt_padding_top=&#8221;40&#8243; rt_padding_bottom=&#8221;40&#8243; class=&#8221;almond-gradient-label&#8221;][vc_column rt_col_paddings=&#8221;true&#8221; rt_wrp_col_paddings=&#8221;false&#8221; rt_column_shadow=&#8221;&#8221; rt_border_top=&#8221;&#8221; rt_border_bottom=&#8221;&#8221; rt_border_left=&#8221;&#8221; rt_border_right=&#8221;&#8221; rt_border_top_mobile=&#8221;&#8221; rt_border_bottom_mobile=&#8221;&#8221; rt_border_left_mobile=&#8221;&#8221; rt_border_right_mobile=&#8221;&#8221; rt_bg_image_repeat=&#8221;repeat&#8221; rt_bg_size=&#8221;auto auto&#8221; rt_bg_position=&#8221;right top&#8221; rt_bg_attachment=&#8221;scroll&#8221;]<section id=\"staff-816722\" class=\"team clearfix fixed_heights rt-flex-wrapper \"><div class=\"row clearfix\"><div class=\"col col-sm-4\">\n\n<div class=\"loop default-style post-7325 staff type-staff status-publish has-post-thumbnail hentry\" id=\"person-7325\">\t\n\n\t\t<div class=\"person_image\">\t\t\n\t\t<div class=\"person_image_wrapper\">\n\t\t\t\n\t\t\t\t\t\t\t<img loading=\"lazy\" decoding=\"async\" src=\"https:\/\/thealmondconnection.com\/wp-content\/uploads\/2023\/03\/reyes_guillen-480x720-1.jpg\" alt=\"reyes_guillen-480x720\" class=\"\" width=\"480\" height=\"720\" \/>\t\t\t\t\t\t\n\t\t<\/div>\n\t<\/div>\n\t\n\t<div class=\"person_data\">\n\n\t\t\t\t\t<h5 class=\"person_name\">Reyes Guill\u00e9n<\/h5>\n\t\t\n\t\t\t\t\t<span class=\"position\">Finance &amp; Insights<\/span>\n\t\t\n\t\t\t\t<div class=\"profile\">\n\t\t\t<p>Compta amb una \u00e0mplia experi\u00e8ncia en Finances, M\u00e0rqueting i Investigaci\u00f3 de Mercats dins Unilever +15Y. <\/p>\n<p>Li apassiona el m\u00f3n de la nutrici\u00f3 i com pot contribuir a millorar la nostra salut, igual que seguir les tend\u00e8ncies en alimentaci\u00f3. \u00c9s una amant del futbol i especialment del Bar\u00e7a.<\/p>\n\t\t<\/div> \n\t\t\n\t\t<div class=\"person_links_wrapper\"><ul class=\"social_media\"><li class=\"mail\"><a class=\"ui-icon-mail\" target=\"_self\" href=\"mailto:reyes@thealmondconnection.com\" title=\"Email\"><span>Enviar correu<\/span><\/a><\/li><li class=\"twitter\"><a class=\"ui-icon-twitter\" target=\"_blank\" href=\"https:\/\/twitter.com\/TheAlmondTeam\" title=\"Twitter\"><span>Twitter<\/span><\/a><\/li><li class=\"instagram\"><a class=\"ui-icon-instagram\" target=\"_blank\" href=\"https:\/\/www.instagram.com\/thealmondconnection\/\" title=\"Instagram\"><span>Instagram<\/span><\/a><\/li><\/ul><\/div>\t\n\t<\/div> \n\t\n<\/div>\n\t\t\t<\/div>\n<\/div><\/section>[\/vc_column][\/vc_row][vc_row rt_row_background_width=&#8221;fullwidth&#8221; rt_row_content_width=&#8221;default&#8221; rt_row_style=&#8221;default-style&#8221; rt_row_height=&#8221;&#8221; rt_column_placement=&#8221;middle&#8221; rt_column_gaps=&#8221;&#8221; rt_row_shadows=&#8221;&#8221; rt_row_paddings=&#8221;true&#8221; rt_row_borders=&#8221;&#8221; rt_bg_effect=&#8221;classic&#8221; rt_transparent_bg=&#8221;true&#8221; rt_bg_image_repeat=&#8221;repeat&#8221; rt_bg_size=&#8221;cover&#8221; rt_bg_position=&#8221;right top&#8221; rt_bg_attachment=&#8221;scroll&#8221; rt_bg_layer=&#8221;custom&#8221; rt_bg_v_align=&#8221;top&#8221; rt_bg_h_align=&#8221;left&#8221; rt_bg_video_format=&#8221;self-hosted&#8221; rt_layer_color=&#8221;#000000&#8243; rt_bg_custom_height=&#8221;100px&#8221; rt_padding_top=&#8221;40&#8243; rt_padding_bottom=&#8221;40&#8243; class=&#8221;almond-gradient-label&#8221;][vc_column rt_col_paddings=&#8221;true&#8221; rt_wrp_col_paddings=&#8221;false&#8221; rt_column_shadow=&#8221;&#8221; rt_border_top=&#8221;&#8221; rt_border_bottom=&#8221;&#8221; rt_border_left=&#8221;&#8221; rt_border_right=&#8221;&#8221; rt_border_top_mobile=&#8221;&#8221; rt_border_bottom_mobile=&#8221;&#8221; rt_border_left_mobile=&#8221;&#8221; rt_border_right_mobile=&#8221;&#8221; rt_bg_image_repeat=&#8221;repeat&#8221; rt_bg_size=&#8221;auto auto&#8221; rt_bg_position=&#8221;right top&#8221; rt_bg_attachment=&#8221;scroll&#8221;]<section id=\"staff-953158\" class=\"team clearfix fixed_heights rt-flex-wrapper \"><\/section>[\/vc_column][\/vc_row]<\/p>\n","protected":false},"excerpt":{"rendered":"<p>[vc_row rt_row_background_width=&#8221;fullwidth&#8221; rt_row_content_width=&#8221;default&#8221; rt_row_style=&#8221;default-style&#8221; rt_row_height=&#8221;&#8221; rt_column_placement=&#8221;middle&#8221; rt_column_gaps=&#8221;&#8221; rt_row_shadows=&#8221;&#8221; rt_row_paddings=&#8221;true&#8221; rt_row_borders=&#8221;&#8221; rt_bg_effect=&#8221;classic&#8221; rt_transparent_bg=&#8221;true&#8221; rt_bg_image_repeat=&#8221;repeat&#8221; rt_bg_size=&#8221;cover&#8221; rt_bg_position=&#8221;right top&#8221; rt_bg_attachment=&#8221;scroll&#8221; rt_bg_layer=&#8221;custom&#8221; rt_bg_v_align=&#8221;top&#8221; rt_bg_h_align=&#8221;left&#8221; rt_bg_video_format=&#8221;self-hosted&#8221; rt_layer_color=&#8221;#000000&#8243; rt_bg_custom_height=&#8221;100px&#8221; rt_padding_top=&#8221;40&#8243; class=&#8221;almond-gradient-label&#8221;][vc_column rt_col_paddings=&#8221;true&#8221; rt_wrp_col_paddings=&#8221;false&#8221; rt_column_shadow=&#8221;&#8221; rt_border_top=&#8221;&#8221; rt_border_bottom=&#8221;&#8221; rt_border_left=&#8221;&#8221; rt_border_right=&#8221;&#8221; rt_border_top_mobile=&#8221;&#8221; rt_border_bottom_mobile=&#8221;&#8221; rt_border_left_mobile=&#8221;&#8221; rt_border_right_mobile=&#8221;&#8221; rt_bg_image_repeat=&#8221;repeat&#8221; rt_bg_size=&#8221;auto auto&#8221; rt_bg_position=&#8221;right top&#8221; rt_bg_attachment=&#8221;scroll&#8221;][\/vc_column][\/vc_row][vc_row rt_row_background_width=&#8221;fullwidth&#8221; rt_row_content_width=&#8221;default&#8221; rt_row_style=&#8221;default-style&#8221; rt_row_height=&#8221;&#8221; rt_column_placement=&#8221;middle&#8221; rt_column_gaps=&#8221;&#8221; rt_row_shadows=&#8221;&#8221; rt_row_paddings=&#8221;true&#8221; rt_row_borders=&#8221;&#8221; rt_bg_effect=&#8221;classic&#8221; rt_transparent_bg=&#8221;true&#8221; rt_bg_image_repeat=&#8221;repeat&#8221; rt_bg_size=&#8221;cover&#8221; [&hellip;]<\/p>\n","protected":false},"author":1,"featured_media":0,"parent":0,"menu_order":0,"comment_status":"closed","ping_status":"closed","template":"","meta":{"content-type":"","_monsterinsights_skip_tracking":false,"_monsterinsights_sitenote_active":false,"_monsterinsights_sitenote_note":"","_monsterinsights_sitenote_category":0,"footnotes":""},"_links":{"self":[{"href":"https:\/\/thealmondconnection.com\/ca\/wp-json\/wp\/v2\/pages\/5096"}],"collection":[{"href":"https:\/\/thealmondconnection.com\/ca\/wp-json\/wp\/v2\/pages"}],"about":[{"href":"https:\/\/thealmondconnection.com\/ca\/wp-json\/wp\/v2\/types\/page"}],"author":[{"embeddable":true,"href":"https:\/\/thealmondconnection.com\/ca\/wp-json\/wp\/v2\/users\/1"}],"replies":[{"embeddable":true,"href":"https:\/\/thealmondconnection.com\/ca\/wp-json\/wp\/v2\/comments?post=5096"}],"version-history":[{"count":9,"href":"https:\/\/thealmondconnection.com\/ca\/wp-json\/wp\/v2\/pages\/5096\/revisions"}],"predecessor-version":[{"id":7365,"href":"https:\/\/thealmondconnection.com\/ca\/wp-json\/wp\/v2\/pages\/5096\/revisions\/7365"}],"wp:attachment":[{"href":"https:\/\/thealmondconnection.com\/ca\/wp-json\/wp\/v2\/media?parent=5096"}],"curies":[{"name":"wp","href":"https:\/\/api.w.org\/{rel}","templated":true}]}}