{"id":7072,"date":"2018-12-07T20:06:51","date_gmt":"2018-12-07T20:06:51","guid":{"rendered":"https:\/\/thealmondconnection.com\/politica-privacidad\/"},"modified":"2023-03-21T01:27:48","modified_gmt":"2023-03-21T01:27:48","slug":"politica-de-privacitat","status":"publish","type":"page","link":"https:\/\/thealmondconnection.com\/ca\/politica-de-privacitat\/","title":{"rendered":"Pol\u00edtica de Privacitat"},"content":{"rendered":"<p>[vc_row rt_row_background_width=&#8221;fullwidth&#8221; rt_row_content_width=&#8221;default&#8221; rt_row_style=&#8221;default-style&#8221; rt_row_height=&#8221;&#8221; rt_column_gaps=&#8221;&#8221; rt_row_shadows=&#8221;&#8221; rt_row_paddings=&#8221;true&#8221; rt_row_borders=&#8221;&#8221; rt_bg_effect=&#8221;classic&#8221; rt_transparent_bg=&#8221;false&#8221; rt_bg_image_repeat=&#8221;repeat&#8221; rt_bg_size=&#8221;cover&#8221; rt_bg_position=&#8221;right top&#8221; rt_bg_attachment=&#8221;scroll&#8221; rt_bg_layer=&#8221;&#8221; rt_bg_video_format=&#8221;self-hosted&#8221;][vc_column rt_col_paddings=&#8221;true&#8221; rt_wrp_col_paddings=&#8221;false&#8221; rt_column_shadow=&#8221;&#8221; rt_border_top=&#8221;&#8221; rt_border_bottom=&#8221;&#8221; rt_border_left=&#8221;&#8221; rt_border_right=&#8221;&#8221; rt_border_top_mobile=&#8221;&#8221; rt_border_bottom_mobile=&#8221;&#8221; rt_border_left_mobile=&#8221;&#8221; rt_border_right_mobile=&#8221;&#8221; rt_bg_image_repeat=&#8221;repeat&#8221; rt_bg_size=&#8221;auto auto&#8221; rt_bg_position=&#8221;right top&#8221; rt_bg_attachment=&#8221;scroll&#8221;][vc_column_text]<strong>POL\u00cdTICA DE PRIVACITAT DE<\/strong> <a href=\"https:\/\/thealmondconnection.com\/es\">https:\/\/thealmondconnection.com\/es<\/a><\/p>\n<p>PROTECCI\u00d3 DE DADES<\/p>\n<p>De conformitat amb la normativa vigent i aplicable en protecci\u00f3 de dades de car\u00e0cter personal, us informem que les vostres dades seran incorporades al sistema de tractament titularitat de THE ALMOND CONSULTANCY SL amb NIF B67353649 i domicili social situat al C\/GALILEO,306 5\u00ba2\u00aa,08028 BARCELONA (BARCELONA) i que a continuaci\u00f3 es relacionen les seves respectives finalitats, terminis de conservaci\u00f3 i bases legitimadores:<\/p>\n<p><strong>Gesti\u00f3 Formulari web<\/strong><\/p>\n<ul>\n<li><strong>Finalitat: <\/strong>Atendre les vostres consultes i\/o sol\u00b7licituds.<\/li>\n<li><strong>Termini de conservaci\u00f3: <\/strong>mentre es mantingui el consentiment prestat.<\/li>\n<li><strong>Base leg\u00edtima: <\/strong>El consentiment de l\u2019interessat<strong>.<\/strong><\/li>\n<li><strong>Tipologia de dades: <\/strong>Dades b\u00e0siques: nom i cognoms, adre\u00e7a electr\u00f2nica, adre\u00e7a IP.<\/li>\n<\/ul>\n<p>&nbsp;<\/p>\n<p><strong>Gesti\u00f3 usuaris web<\/strong><\/p>\n<ul>\n<li><strong>Finalitat: <\/strong>Captaci\u00f3, registre i tractament de dades de l\u2019usuari.<\/li>\n<li><strong>Termini de conservaci\u00f3: <\/strong>mentre es mantingui el consentiment prestat, excepte obligaci\u00f3 legal.<\/li>\n<li><strong>Base leg\u00edtima: <\/strong>El consentiment de l\u2019interessat.<\/li>\n<li><strong>Tipologia de dades: <\/strong>Dades b\u00e0siques: Nom i cognoms, Adre\u00e7a electr\u00f2nica.<\/li>\n<\/ul>\n<p>&nbsp;<\/p>\n<p><strong>Instal\u00b7laci\u00f3 de cookies<\/strong><\/p>\n<ul>\n<li><strong>Finalitat: <\/strong>Gesti\u00f3 i instal\u00b7laci\u00f3 de les cookies.<\/li>\n<li><strong>Termini de conservaci\u00f3: <\/strong>mentre es mantingui el consentiment prestat.<\/li>\n<li><strong>Base leg\u00edtima:<\/strong> El consentiment de l\u2019interessat.<\/li>\n<li><strong>Tipologia de dades: <\/strong>Dades b\u00e0siques: Adre\u00e7a electr\u00f2nica, Adre\u00e7a IP.<\/li>\n<\/ul>\n<p>Alhora, us informem que podeu contactar amb el Delegat de Protecci\u00f3 de Dades, adre\u00e7ant-vos per escrit a l&#8217;adre\u00e7a de correu dpd.cliente@conversia.es o al tel\u00e8fon 902 877 192.<\/p>\n<p>&nbsp;<\/p>\n<p>DRETS DELS INTERESSATS<\/p>\n<p>THE ALMOND CONSULTANCY SL informa als Usuaris que, podr\u00e0 exercir els drets d&#8217;acc\u00e9s, rectificaci\u00f3, limitaci\u00f3, supressi\u00f3, portabilitat, oposici\u00f3 al tractament de les dades de car\u00e0cter personal i el dret a no ser objecte de decisions automatitzades, inclosa l&#8217;elaboraci\u00f3 de perfils , davant del Responsable del Tractament, aix\u00ed com a la retirada del consentiment prestat.<\/p>\n<p><strong>Dret d&#8217;acc\u00e9s: <\/strong>\u00c9s el dret de l&#8217;usuari a obtenir confirmaci\u00f3 sobre si s&#8217;estan tractant les seves dades i, en aquest cas, les dades personals tractades concretes i la informaci\u00f3 legal del tractament (finalitats, base legitimadora, terminis de conservaci\u00f3, cessions, origen de les dades, etc.) .<\/p>\n<p><strong>Dret de Rectificaci\u00f3: <\/strong>\u00c9s el dret de l&#8217;afectat que es modifiquin les dades que resultin ser inexactes o incompletes. Pel que fa a la p\u00e0gina web, nom\u00e9s es podr\u00e0 satisfer en relaci\u00f3 amb aquella informaci\u00f3 que es trobi sota el control del lloc web, per exemple, eliminar comentaris publicats a la pr\u00f2pia p\u00e0gina, imatges o continguts web on constin dades de car\u00e0cter personal de l&#8217;usuari.<\/p>\n<p><strong>Dret a la Limitaci\u00f3 de tractament: <\/strong>\u00c9s el dret que es limitin les finalitats del tractament previstes de forma original pel responsable del tractament en determinats sup\u00f2sits.<\/p>\n<p><strong>Dret de Supressi\u00f3: <\/strong>\u00c9s el dret a suprimir les dades de car\u00e0cter personal de l&#8217;usuari, a excepci\u00f3 del que preveu el mateix RGPD (llibertat d&#8217;expressi\u00f3 i informaci\u00f3, obligacions de conservaci\u00f3, formulaci\u00f3, exercici o defensa de reclamacions, etc.).<\/p>\n<p><strong>Dret a la Portabilitat: <\/strong>El dret a rebre les dades personals que l&#8217;usuari hagi facilitat, en un format estructurat, d&#8217;\u00fas com\u00fa i lectura mec\u00e0nica, i a transmetre&#8217;ls a un altre responsable quan el tractament est\u00e0 basat en el consentiment o l&#8217;execuci\u00f3 d&#8217;un contracte i s&#8217;efectu\u00ef per mitjans automatitzats.<\/p>\n<p><strong>Dret d&#8217;Oposici\u00f3<\/strong>: \u00c9s el dret de l&#8217;usuari que no es dugui a terme el tractament de les seves dades de car\u00e0cter personal o se&#8217;n cessi el tractament per part del lloc web quan el tractament estigui basat en l&#8217;inter\u00e8s leg\u00edtim o l&#8217;inter\u00e8s p\u00fablic o quan es tracti de tractaments de m\u00e0rqueting directe.<\/p>\n<p><strong>Dret a no ser objecte de decisions automatitzades, inclosa l&#8217;elaboraci\u00f3 de perfils: <\/strong>Quan el tractament no \u00e9s necessari per a la celebraci\u00f3 o execuci\u00f3 d&#8217;un contracte, ni est\u00e0 autoritzada pel dret de la Uni\u00f3 Europea o dels estats membres ni es basa en el consentiment, t\u00e9 dret a no ser objecte d&#8217;una decisi\u00f3 basada \u00fanicament en el tractament automatitzat, inclosa l&#8217;elaboraci\u00f3 de perfils, que produeixi efectes jur\u00eddics o l&#8217;afecti significativament de manera semblant.<\/p>\n<p><strong>Dret a retirar el consentiment: <\/strong>Per a qualsevol tractament basat en el vostre consentiment, teniu dret a retirar-lo, en qualsevol moment i de manera gratu\u00efta.<\/p>\n<p>&nbsp;<\/p>\n<p>Per exercir qualsevol dels drets en mat\u00e8ria de protecci\u00f3 de dades descrites anteriorment haur\u00e0 de seguir les indicacions seg\u00fcents:<\/p>\n<ul>\n<li>Presentaci\u00f3 d&#8217;un escrit a l&#8217;adre\u00e7a C\/GALILEO,306 5\u00ba2\u00aa,08028 BARCELONA (BARCELONA) (a l&#8217;atenci\u00f3 de THE ALMOND CONSULTANCY SL) o b\u00e9 per correu electr\u00f2nic a <a href=\"mailto:rgpd@thealmondconnection.com\">rgpd@thealmondconnection.com<\/a>.<\/li>\n<\/ul>\n<p>&nbsp;<\/p>\n<ul>\n<li>L&#8217;escrit rem\u00e8s pel titular de les dades personals (interessat\/ada) que sol\u00b7liciti l&#8217;exercici de drets haur\u00e0 de tenir en compte el seg\u00fcent:<\/li>\n<\/ul>\n<p>&nbsp;<\/p>\n<ul>\n<li>S&#8217;haur\u00e0 d&#8217;identificar fefaentment i, en cas que concorrin dubtes sobre la identitat del sol\u00b7licitant, se us sol\u00b7licitar\u00e0 que solucioni la petici\u00f3 (p. ex. sol\u00b7licitant m\u00e9s informaci\u00f3, com el n\u00famero de DNI, el document del DNI, el correu electr\u00f2nic que va aportar, etc.).<\/li>\n<li>La sol\u00b7licitud la pot fer el representant, legal o voluntari, quan aquest estigui degudament identificat i autoritzat pel titular de les dades (mitjan\u00e7ant una autoritzaci\u00f3 expressa del titular per exercir els drets personal\u00edssims regulats a la normativa en mat\u00e8ria de protecci\u00f3 de dades personals).<\/li>\n<li>Petici\u00f3 en qu\u00e8 es concreta la sol\u00b7licitud (Dret\/es que es pret\u00e9n\/n exercir). Si no feu refer\u00e8ncia a un tractament concret se us facilitar\u00e0 resposta en relaci\u00f3 a tots els tractaments que afecten les vostres dades de car\u00e0cter personal.<\/li>\n<li>Si sol\u00b7liciteu informaci\u00f3 d&#8217;un tractament en concret, nom\u00e9s la informaci\u00f3 d&#8217;aquest. Si ho demaneu per tel\u00e8fon se us indicar\u00e0 que ho feu per escrit i se us informar\u00e0 de com ho podeu fer i l&#8217;adre\u00e7a a la qual heu d&#8217;enviar-ho. Mai no se us donar\u00e0 informaci\u00f3 per tel\u00e8fon.<\/li>\n<li>Adre\u00e7a postal o electr\u00f2nica a efectes de notificacions.<\/li>\n<li>Documents acreditatius de la petici\u00f3 que formula, en cas que siguin necessaris.<\/li>\n<li>La persona sol\u00b7licitant ha d&#8217;utilitzar qualsevol mitj\u00e0 que permeti acreditar l&#8217;enviament i la recepci\u00f3 de la sol\u00b7licitud.<\/li>\n<\/ul>\n<p>Finalment, us informem que teniu dret a presentar una reclamaci\u00f3 davant l&#8217;Ag\u00e8ncia Espanyola de Protecci\u00f3 de Dades en cas que en tingueu coneixement o considereu que un fet pugui suposar un incompliment de la normativa aplicable en mat\u00e8ria de protecci\u00f3 de dades.<\/p>\n<p>THE ALMOND CONSULTANCY SL es compromet a adoptar les mesures t\u00e8cniques i organitzatives necess\u00e0ries, d&#8217;acord amb el nivell de riscos que acompanyen els tractaments realitzats per aquestes i indicats a l&#8217;apartat dels termes i condicions d&#8217;\u00fas, de manera que garanteixin la seva integritat, confidencialitat i disponibilitat .<\/p>\n<p>&nbsp;<\/p>\n<p>Darrera actualitzaci\u00f3: 17 de gener de 2023[\/vc_column_text][\/vc_column][\/vc_row]<\/p>\n","protected":false},"excerpt":{"rendered":"<p>[vc_row rt_row_background_width=&#8221;fullwidth&#8221; rt_row_content_width=&#8221;default&#8221; rt_row_style=&#8221;default-style&#8221; rt_row_height=&#8221;&#8221; rt_column_gaps=&#8221;&#8221; rt_row_shadows=&#8221;&#8221; rt_row_paddings=&#8221;true&#8221; rt_row_borders=&#8221;&#8221; rt_bg_effect=&#8221;classic&#8221; rt_transparent_bg=&#8221;false&#8221; rt_bg_image_repeat=&#8221;repeat&#8221; rt_bg_size=&#8221;cover&#8221; rt_bg_position=&#8221;right top&#8221; rt_bg_attachment=&#8221;scroll&#8221; rt_bg_layer=&#8221;&#8221; rt_bg_video_format=&#8221;self-hosted&#8221;][vc_column rt_col_paddings=&#8221;true&#8221; rt_wrp_col_paddings=&#8221;false&#8221; rt_column_shadow=&#8221;&#8221; rt_border_top=&#8221;&#8221; rt_border_bottom=&#8221;&#8221; rt_border_left=&#8221;&#8221; rt_border_right=&#8221;&#8221; rt_border_top_mobile=&#8221;&#8221; rt_border_bottom_mobile=&#8221;&#8221; rt_border_left_mobile=&#8221;&#8221; rt_border_right_mobile=&#8221;&#8221; rt_bg_image_repeat=&#8221;repeat&#8221; rt_bg_size=&#8221;auto auto&#8221; rt_bg_position=&#8221;right top&#8221; rt_bg_attachment=&#8221;scroll&#8221;][vc_column_text]POL\u00cdTICA DE PRIVACITAT DE https:\/\/thealmondconnection.com\/es PROTECCI\u00d3 DE DADES De conformitat amb la normativa vigent i aplicable en protecci\u00f3 de dades de [&hellip;]<\/p>\n","protected":false},"author":1,"featured_media":0,"parent":0,"menu_order":0,"comment_status":"closed","ping_status":"open","template":"","meta":{"content-type":"","_monsterinsights_skip_tracking":false,"_monsterinsights_sitenote_active":false,"_monsterinsights_sitenote_note":"","_monsterinsights_sitenote_category":0,"footnotes":""},"_links":{"self":[{"href":"https:\/\/thealmondconnection.com\/ca\/wp-json\/wp\/v2\/pages\/7072"}],"collection":[{"href":"https:\/\/thealmondconnection.com\/ca\/wp-json\/wp\/v2\/pages"}],"about":[{"href":"https:\/\/thealmondconnection.com\/ca\/wp-json\/wp\/v2\/types\/page"}],"author":[{"embeddable":true,"href":"https:\/\/thealmondconnection.com\/ca\/wp-json\/wp\/v2\/users\/1"}],"replies":[{"embeddable":true,"href":"https:\/\/thealmondconnection.com\/ca\/wp-json\/wp\/v2\/comments?post=7072"}],"version-history":[{"count":7,"href":"https:\/\/thealmondconnection.com\/ca\/wp-json\/wp\/v2\/pages\/7072\/revisions"}],"predecessor-version":[{"id":7311,"href":"https:\/\/thealmondconnection.com\/ca\/wp-json\/wp\/v2\/pages\/7072\/revisions\/7311"}],"wp:attachment":[{"href":"https:\/\/thealmondconnection.com\/ca\/wp-json\/wp\/v2\/media?parent=7072"}],"curies":[{"name":"wp","href":"https:\/\/api.w.org\/{rel}","templated":true}]}}