{"id":7094,"date":"2016-11-17T20:40:09","date_gmt":"2016-11-17T20:40:09","guid":{"rendered":"https:\/\/thealmondconnection.com\/404-page-not-found\/"},"modified":"2021-02-18T09:47:49","modified_gmt":"2021-02-18T09:47:49","slug":"404-pagina-no-trobada","status":"publish","type":"page","link":"https:\/\/thealmondconnection.com\/ca\/404-pagina-no-trobada\/","title":{"rendered":"404 &#8211; P\u00e0gina no Trobada"},"content":{"rendered":"<p>[vc_row rt_row_background_width=&#8221;fullwidth&#8221; rt_row_content_width=&#8221;default&#8221; rt_row_style=&#8221;default-style&#8221; rt_row_height=&#8221;full_height&#8221; rt_holder_placement=&#8221;middle&#8221; rt_column_gaps=&#8221;&#8221; rt_row_shadows=&#8221;&#8221; rt_row_paddings=&#8221;true&#8221; rt_row_borders=&#8221;&#8221; rt_bg_effect=&#8221;classic&#8221; rt_transparent_bg=&#8221;false&#8221; rt_bg_image_repeat=&#8221;repeat&#8221; rt_bg_size=&#8221;cover&#8221; rt_bg_position=&#8221;right top&#8221; rt_bg_attachment=&#8221;scroll&#8221; rt_bg_layer=&#8221;&#8221; rt_bg_video_format=&#8221;self-hosted&#8221;][vc_column rt_col_paddings=&#8221;true&#8221; rt_wrp_col_paddings=&#8221;false&#8221; rt_column_shadow=&#8221;&#8221; rt_border_top=&#8221;&#8221; rt_border_bottom=&#8221;&#8221; rt_border_left=&#8221;&#8221; rt_border_right=&#8221;&#8221; rt_border_top_mobile=&#8221;&#8221; rt_border_bottom_mobile=&#8221;&#8221; rt_border_left_mobile=&#8221;&#8221; rt_border_right_mobile=&#8221;&#8221; rt_bg_image_repeat=&#8221;repeat&#8221; rt_bg_size=&#8221;auto auto&#8221; rt_bg_position=&#8221;right top&#8221; rt_bg_attachment=&#8221;scroll&#8221;]<article class=\"image-content-box content-box  box-style-1 valign-top center\"><div class=\"featured_image_holder\" style=\"margin-bottom:80px;\"><img loading=\"lazy\" decoding=\"async\" class=\"img-responsive center\" src=\"https:\/\/thealmondconnection.com\/wp-content\/uploads\/2016\/11\/404-418x214.png\" width=\"418\" height=\"214\" alt=\"\" srcset=\"https:\/\/thealmondconnection.com\/wp-content\/uploads\/2016\/11\/404.png 1.3x\" \/><\/div><div class=\"text-holder\" style=\"width:100%;\"><h1 class=\"heading\">Doncs aix\u00f2 \u00e9s inc\u00f2mode ...<\/h1> <h5 class=\"p1\">La p\u00e0gina que cerqueu no existeix.<\/h5>\n<\/div><\/article>[vc_empty_space]<div class=\"button_wrapper  aligncenter\"><a  href=\"\" target=\"_self\" title=\"TORNA A LA P\u00c0GINA INICIAL\" class=\"button_  heading-font style-1 medium\"><span><span class=\"button-icon icon-left-arrow-1\"><\/span>TORNA A LA P\u00c0GINA INICIAL<\/span><\/a><\/div>[\/vc_column][\/vc_row]<\/p>\n","protected":false},"excerpt":{"rendered":"<p>[vc_row rt_row_background_width=&#8221;fullwidth&#8221; rt_row_content_width=&#8221;default&#8221; rt_row_style=&#8221;default-style&#8221; rt_row_height=&#8221;full_height&#8221; rt_holder_placement=&#8221;middle&#8221; rt_column_gaps=&#8221;&#8221; rt_row_shadows=&#8221;&#8221; rt_row_paddings=&#8221;true&#8221; rt_row_borders=&#8221;&#8221; rt_bg_effect=&#8221;classic&#8221; rt_transparent_bg=&#8221;false&#8221; rt_bg_image_repeat=&#8221;repeat&#8221; rt_bg_size=&#8221;cover&#8221; rt_bg_position=&#8221;right top&#8221; rt_bg_attachment=&#8221;scroll&#8221; rt_bg_layer=&#8221;&#8221; rt_bg_video_format=&#8221;self-hosted&#8221;][vc_column rt_col_paddings=&#8221;true&#8221; rt_wrp_col_paddings=&#8221;false&#8221; rt_column_shadow=&#8221;&#8221; rt_border_top=&#8221;&#8221; rt_border_bottom=&#8221;&#8221; rt_border_left=&#8221;&#8221; rt_border_right=&#8221;&#8221; rt_border_top_mobile=&#8221;&#8221; rt_border_bottom_mobile=&#8221;&#8221; rt_border_left_mobile=&#8221;&#8221; rt_border_right_mobile=&#8221;&#8221; rt_bg_image_repeat=&#8221;repeat&#8221; rt_bg_size=&#8221;auto auto&#8221; rt_bg_position=&#8221;right top&#8221; rt_bg_attachment=&#8221;scroll&#8221;][vc_empty_space][\/vc_column][\/vc_row]<\/p>\n","protected":false},"author":1,"featured_media":0,"parent":0,"menu_order":0,"comment_status":"closed","ping_status":"closed","template":"","meta":{"content-type":"","_monsterinsights_skip_tracking":false,"_monsterinsights_sitenote_active":false,"_monsterinsights_sitenote_note":"","_monsterinsights_sitenote_category":0,"footnotes":""},"_links":{"self":[{"href":"https:\/\/thealmondconnection.com\/ca\/wp-json\/wp\/v2\/pages\/7094"}],"collection":[{"href":"https:\/\/thealmondconnection.com\/ca\/wp-json\/wp\/v2\/pages"}],"about":[{"href":"https:\/\/thealmondconnection.com\/ca\/wp-json\/wp\/v2\/types\/page"}],"author":[{"embeddable":true,"href":"https:\/\/thealmondconnection.com\/ca\/wp-json\/wp\/v2\/users\/1"}],"replies":[{"embeddable":true,"href":"https:\/\/thealmondconnection.com\/ca\/wp-json\/wp\/v2\/comments?post=7094"}],"version-history":[{"count":3,"href":"https:\/\/thealmondconnection.com\/ca\/wp-json\/wp\/v2\/pages\/7094\/revisions"}],"predecessor-version":[{"id":7100,"href":"https:\/\/thealmondconnection.com\/ca\/wp-json\/wp\/v2\/pages\/7094\/revisions\/7100"}],"wp:attachment":[{"href":"https:\/\/thealmondconnection.com\/ca\/wp-json\/wp\/v2\/media?parent=7094"}],"curies":[{"name":"wp","href":"https:\/\/api.w.org\/{rel}","templated":true}]}}