{"id":5137,"date":"2016-11-27T20:47:49","date_gmt":"2016-11-27T20:47:49","guid":{"rendered":"https:\/\/thealmondconnection.com\/team\/"},"modified":"2023-03-27T10:32:01","modified_gmt":"2023-03-27T10:32:01","slug":"equipo","status":"publish","type":"page","link":"https:\/\/thealmondconnection.com\/es\/equipo\/","title":{"rendered":"EQUIPO"},"content":{"rendered":"<p>[vc_row rt_row_background_width=\u00bbfullwidth\u00bb rt_row_content_width=\u00bbdefault\u00bb rt_row_style=\u00bbdefault-style\u00bb rt_row_height=\u00bb\u00bb rt_column_placement=\u00bbmiddle\u00bb rt_column_gaps=\u00bb\u00bb rt_row_shadows=\u00bb\u00bb rt_row_paddings=\u00bbtrue\u00bb rt_row_borders=\u00bb\u00bb rt_bg_effect=\u00bbclassic\u00bb rt_transparent_bg=\u00bbtrue\u00bb rt_bg_image_repeat=\u00bbrepeat\u00bb rt_bg_size=\u00bbcover\u00bb rt_bg_position=\u00bbright top\u00bb rt_bg_attachment=\u00bbscroll\u00bb rt_bg_layer=\u00bbcustom\u00bb rt_bg_v_align=\u00bbtop\u00bb rt_bg_h_align=\u00bbleft\u00bb rt_bg_video_format=\u00bbself-hosted\u00bb rt_layer_color=\u00bb#000000&#8243; rt_bg_custom_height=\u00bb100px\u00bb rt_padding_top=\u00bb40&#8243; class=\u00bbalmond-gradient-label\u00bb][vc_column rt_col_paddings=\u00bbtrue\u00bb rt_wrp_col_paddings=\u00bbfalse\u00bb rt_column_shadow=\u00bb\u00bb rt_border_top=\u00bb\u00bb rt_border_bottom=\u00bb\u00bb rt_border_left=\u00bb\u00bb rt_border_right=\u00bb\u00bb rt_border_top_mobile=\u00bb\u00bb rt_border_bottom_mobile=\u00bb\u00bb rt_border_left_mobile=\u00bb\u00bb rt_border_right_mobile=\u00bb\u00bb rt_bg_image_repeat=\u00bbrepeat\u00bb rt_bg_size=\u00bbauto auto\u00bb rt_bg_position=\u00bbright top\u00bb rt_bg_attachment=\u00bbscroll\u00bb]<section id=\"staff-780988\" class=\"team clearfix fixed_heights rt-flex-wrapper \"><div class=\"row clearfix\"><div class=\"col col-sm-4\">\n\n<div class=\"loop default-style post-5144 staff type-staff status-publish has-post-thumbnail hentry\" id=\"person-5144\">\t\n\n\t\t<div class=\"person_image\">\t\t\n\t\t<div class=\"person_image_wrapper\">\n\t\t\t\n\t\t\t\t\t\t\t<a href=\"https:\/\/thealmondconnection.com\/es\/team\/ingrid-bortels\/\"><img loading=\"lazy\" decoding=\"async\" src=\"https:\/\/thealmondconnection.com\/wp-content\/uploads\/2014\/02\/ingrid-bortels-500x750-480x720.jpg\" alt=\"\" class=\"\" width=\"480\" height=\"720\" \/><\/a>\n\t\t\t\t\t\t\n\t\t<\/div>\n\t<\/div>\n\t\n\t<div class=\"person_data\">\n\n\t\t\t\t\t<h5 class=\"person_name\"><a href=\"https:\/\/thealmondconnection.com\/es\/team\/ingrid-bortels\/\">Ingrid Bortels<\/a><\/h5>\n\t\t\n\t\t\t\t\t<span class=\"position\">Catalyst &amp; Founder -  Insights<\/span>\n\t\t\n\t\t\t\t<div class=\"profile\">\n\t\t\t<p>Tras haber dirigido proyectos internacionales de estudios de mercado para grandes compa\u00f1\u00edas como Unilever y Mondelez, decidi\u00f3 crear su propia consultora y retomar el control de su vida familiar.<\/p>\n<p>Es 200% pasi\u00f3n y energ\u00eda, tanto en sus proyectos profesionales como cuando habla sobre tecnolog\u00eda, viajes, Oriente Medio, o en las sesiones que organiza de su dance-club. Dicen que no cambiar\u00eda por nada del mundo el sol de BCN por su Flandes natal.<\/p>\n\t\t<\/div> \n\t\t\n\t\t<div class=\"person_links_wrapper\"><ul class=\"social_media\"><li class=\"mail\"><a class=\"ui-icon-mail\" target=\"_self\" href=\"mailto:ingrid@thealmondconnection.com\" title=\"Email\"><span>Send Email<\/span><\/a><\/li><li class=\"twitter\"><a class=\"ui-icon-twitter\" target=\"_blank\" href=\"https:\/\/twitter.com\/TheAlmondTeam\" title=\"Twitter\"><span>Twitter<\/span><\/a><\/li><li class=\"linkedin\"><a class=\"ui-icon-linkedin\" target=\"_blank\" href=\"https:\/\/linkedin.com\/in\/ingridbortels\" title=\"Linkedin\"><span>Linkedin<\/span><\/a><\/li><li class=\"instagram\"><a class=\"ui-icon-instagram\" target=\"_blank\" href=\"https:\/\/www.instagram.com\/thealmondconnection\/\" title=\"Instagram\"><span>Instagram<\/span><\/a><\/li><\/ul><\/div>\t\n\t<\/div> \n\t\n<\/div>\n\t\t\t<\/div>\n<div class=\"col col-sm-4\">\n\n<div class=\"loop default-style post-5147 staff type-staff status-publish has-post-thumbnail hentry\" id=\"person-5147\">\t\n\n\t\t<div class=\"person_image\">\t\t\n\t\t<div class=\"person_image_wrapper\">\n\t\t\t\n\t\t\t\t\t\t\t<a href=\"https:\/\/thealmondconnection.com\/es\/team\/ines-sola\/\"><img loading=\"lazy\" decoding=\"async\" src=\"https:\/\/thealmondconnection.com\/wp-content\/uploads\/2014\/02\/ines_sola-500x750-480x720.jpg\" alt=\"\" class=\"\" width=\"480\" height=\"720\" \/><\/a>\n\t\t\t\t\t\t\n\t\t<\/div>\n\t<\/div>\n\t\n\t<div class=\"person_data\">\n\n\t\t\t\t\t<h5 class=\"person_name\"><a href=\"https:\/\/thealmondconnection.com\/es\/team\/ines-sola\/\">In\u00e9s Sol\u00e0<\/a><\/h5>\n\t\t\n\t\t\t\t\t<span class=\"position\">Storydoer - Comunicaci\u00f3n<\/span>\n\t\t\n\t\t\t\t<div class=\"profile\">\n\t\t\t<p>Le apasiona ayudar a las organizaciones a definir su posicionamiento. Periodista convencida, comenz\u00f3 su carrera en la radio hasta que descubri\u00f3 la comunicaci\u00f3n corporativa. Como consultora y directora de comunicaci\u00f3n corporativa, ha trabajado para cotizadas y PyMES, de distintos sectores.<\/p>\n<p>La puedes encontrar cargando las pilas en la playa o disfrutando de la naturaleza en Pallars. Apasionada por el ski y por el tenis, aplica su visi\u00f3n estrat\u00e9gica hasta en la pista.<\/p>\n\t\t<\/div> \n\t\t\n\t\t<div class=\"person_links_wrapper\"><ul class=\"social_media\"><li class=\"mail\"><a class=\"ui-icon-mail\" target=\"_self\" href=\"mailto:ines@thealmondconnection.com\" title=\"Email\"><span>Send Email<\/span><\/a><\/li><li class=\"twitter\"><a class=\"ui-icon-twitter\" target=\"_blank\" href=\"https:\/\/twitter.com\/TheAlmondTeam\" title=\"Twitter\"><span>Twitter<\/span><\/a><\/li><li class=\"linkedin\"><a class=\"ui-icon-linkedin\" target=\"_blank\" href=\"https:\/\/www.linkedin.com\/in\/inessolagarriga\" title=\"Linkedin\"><span>Linkedin<\/span><\/a><\/li><li class=\"instagram\"><a class=\"ui-icon-instagram\" target=\"_blank\" href=\"https:\/\/www.instagram.com\/thealmondconnection\/\" title=\"Instagram\"><span>Instagram<\/span><\/a><\/li><\/ul><\/div>\t\n\t<\/div> \n\t\n<\/div>\n\t\t\t<\/div>\n<div class=\"col col-sm-4\">\n\n<div class=\"loop default-style post-5152 staff type-staff status-publish has-post-thumbnail hentry\" id=\"person-5152\">\t\n\n\t\t<div class=\"person_image\">\t\t\n\t\t<div class=\"person_image_wrapper\">\n\t\t\t\n\t\t\t\t\t\t\t<a href=\"https:\/\/thealmondconnection.com\/es\/team\/hector-calvo\/\"><img loading=\"lazy\" decoding=\"async\" src=\"https:\/\/thealmondconnection.com\/wp-content\/uploads\/2014\/02\/hector_calvo-500x750-480x720.jpg\" alt=\"\" class=\"\" width=\"480\" height=\"720\" \/><\/a>\n\t\t\t\t\t\t\n\t\t<\/div>\n\t<\/div>\n\t\n\t<div class=\"person_data\">\n\n\t\t\t\t\t<h5 class=\"person_name\"><a href=\"https:\/\/thealmondconnection.com\/es\/team\/hector-calvo\/\">H\u00e9ctor Calvo<\/a><\/h5>\n\t\t\n\t\t\t\t\t<span class=\"position\">Storydoer - Comunicaci\u00f3n<\/span>\n\t\t\n\t\t\t\t<div class=\"profile\">\n\t\t\t<p>Los seis a\u00f1os que trabaj\u00f3 en Bruselas le ayudaron a comprender la importancia de los asuntos p\u00fablicos y de la relaci\u00f3n de las organizaciones con sus stakeholders, una convicci\u00f3n que ha seguido desarrollando como consultor para grandes compa\u00f1\u00edas.<\/p>\n<p>Cuando no est\u00e1 trabajando puedes encontrarlo con un libro en sus manos o sobre los escenarios con su banda de rock, con su Stratocaster japonesa del 62 RI.<\/p>\n\t\t<\/div> \n\t\t\n\t\t<div class=\"person_links_wrapper\"><ul class=\"social_media\"><li class=\"mail\"><a class=\"ui-icon-mail\" target=\"_self\" href=\"mailto:hector@thealmondconnection.com\" title=\"Email\"><span>Send Email<\/span><\/a><\/li><li class=\"twitter\"><a class=\"ui-icon-twitter\" target=\"_blank\" href=\"https:\/\/twitter.com\/TheAlmondTeam\" title=\"Twitter\"><span>Twitter<\/span><\/a><\/li><li class=\"linkedin\"><a class=\"ui-icon-linkedin\" target=\"_blank\" href=\"https:\/\/www.linkedin.com\/in\/hectorcalvo\" title=\"Linkedin\"><span>Linkedin<\/span><\/a><\/li><li class=\"instagram\"><a class=\"ui-icon-instagram\" target=\"_blank\" href=\"https:\/\/www.instagram.com\/thealmondconnection\/\" title=\"Instagram\"><span>Instagram<\/span><\/a><\/li><\/ul><\/div>\t\n\t<\/div> \n\t\n<\/div>\n\t\t\t<\/div>\n<\/div><\/section>[\/vc_column][\/vc_row][vc_row rt_row_background_width=\u00bbfullwidth\u00bb rt_row_content_width=\u00bbdefault\u00bb rt_row_style=\u00bbdefault-style\u00bb rt_row_height=\u00bb\u00bb rt_column_placement=\u00bbmiddle\u00bb rt_column_gaps=\u00bb\u00bb rt_row_shadows=\u00bb\u00bb rt_row_paddings=\u00bbtrue\u00bb rt_row_borders=\u00bb\u00bb rt_bg_effect=\u00bbclassic\u00bb rt_transparent_bg=\u00bbtrue\u00bb rt_bg_image_repeat=\u00bbrepeat\u00bb rt_bg_size=\u00bbcover\u00bb rt_bg_position=\u00bbright top\u00bb rt_bg_attachment=\u00bbscroll\u00bb rt_bg_layer=\u00bbcustom\u00bb rt_bg_v_align=\u00bbtop\u00bb rt_bg_h_align=\u00bbleft\u00bb rt_bg_video_format=\u00bbself-hosted\u00bb rt_layer_color=\u00bb#000000&#8243; rt_bg_custom_height=\u00bb100px\u00bb rt_padding_top=\u00bb40&#8243; rt_padding_bottom=\u00bb40&#8243; class=\u00bbalmond-gradient-label\u00bb][vc_column rt_col_paddings=\u00bbtrue\u00bb rt_wrp_col_paddings=\u00bbfalse\u00bb rt_column_shadow=\u00bb\u00bb rt_border_top=\u00bb\u00bb rt_border_bottom=\u00bb\u00bb rt_border_left=\u00bb\u00bb rt_border_right=\u00bb\u00bb rt_border_top_mobile=\u00bb\u00bb rt_border_bottom_mobile=\u00bb\u00bb rt_border_left_mobile=\u00bb\u00bb rt_border_right_mobile=\u00bb\u00bb rt_bg_image_repeat=\u00bbrepeat\u00bb rt_bg_size=\u00bbauto auto\u00bb rt_bg_position=\u00bbright top\u00bb rt_bg_attachment=\u00bbscroll\u00bb]<section id=\"staff-650113\" class=\"team clearfix fixed_heights rt-flex-wrapper \"><div class=\"row clearfix\"><div class=\"col col-sm-4\">\n\n<div class=\"loop default-style post-5911 staff type-staff status-publish has-post-thumbnail hentry\" id=\"person-5911\">\t\n\n\t\t<div class=\"person_image\">\t\t\n\t\t<div class=\"person_image_wrapper\">\n\t\t\t\n\t\t\t\t\t\t\t<a href=\"https:\/\/thealmondconnection.com\/es\/team\/lina-kanapinskaite\/\"><img loading=\"lazy\" decoding=\"async\" src=\"https:\/\/thealmondconnection.com\/wp-content\/uploads\/2020\/09\/lina_kanapinskaite-480x720.jpg\" alt=\"lina_kanapinskaite\" class=\"\" width=\"480\" height=\"720\" \/><\/a>\n\t\t\t\t\t\t\n\t\t<\/div>\n\t<\/div>\n\t\n\t<div class=\"person_data\">\n\n\t\t\t\t\t<h5 class=\"person_name\"><a href=\"https:\/\/thealmondconnection.com\/es\/team\/lina-kanapinskaite\/\">Lina Kanapinskaite<\/a><\/h5>\n\t\t\n\t\t\t\t\t<span class=\"position\">Connector - Insights &amp; Marketing<\/span>\n\t\t\n\t\t\t\t<div class=\"profile\">\n\t\t\t<p>Lina tiene m\u00e1s de 15 a\u00f1os de experiencia en marketing y en investigaci\u00f3n de mercados en compa\u00f1\u00edas globales (como Orange y Unilever) y en agencias de innovaci\u00f3n (para clientes como Coca Cola, Nestl\u00e9, Peugeot, LVMH, Chanel, L\u2019Or\u00e9al y Pernod Ricard). <\/p>\n<p>En aprendizaje constante, le encanta salir de su zona de confort para afrontar retos de compa\u00f1\u00edas grandes y peque\u00f1as, a las que ayuda con su experiencia en marketing e investigaci\u00f3n. Lina es coach certificada y entiende las din\u00e1micas individuales y de grupo para ayudar a los equipos a alcanzar sus objetivos comunes. Nacida en Lituania, vive en el sur de Francia donde ha creado una red Lean In de empoderamiento femenino.<\/p>\n\t\t<\/div> \n\t\t\n\t\t<div class=\"person_links_wrapper\"><ul class=\"social_media\"><li class=\"mail\"><a class=\"ui-icon-mail\" target=\"_self\" href=\"mailto:lina@thealmondconnection.com\" title=\"Email\"><span>Enviar correo<\/span><\/a><\/li><li class=\"twitter\"><a class=\"ui-icon-twitter\" target=\"_blank\" href=\"https:\/\/twitter.com\/TheAlmondTeam\" title=\"Twitter\"><span>Twitter<\/span><\/a><\/li><li class=\"linkedin\"><a class=\"ui-icon-linkedin\" target=\"_blank\" href=\"https:\/\/www.linkedin.com\/in\/lina-kanapinskaite-0836b41\/\" title=\"Linkedin\"><span>LinkedIn<\/span><\/a><\/li><li class=\"instagram\"><a class=\"ui-icon-instagram\" target=\"_blank\" href=\"https:\/\/www.instagram.com\/thealmondconnection\/\" title=\"Instagram\"><span>Instagram<\/span><\/a><\/li><\/ul><\/div>\t\n\t<\/div> \n\t\n<\/div>\n\t\t\t<\/div>\n<div class=\"col col-sm-4\">\n\n<div class=\"loop default-style post-5140 staff type-staff status-publish has-post-thumbnail hentry\" id=\"person-5140\">\t\n\n\t\t<div class=\"person_image\">\t\t\n\t\t<div class=\"person_image_wrapper\">\n\t\t\t\n\t\t\t\t\t\t\t<a href=\"https:\/\/thealmondconnection.com\/es\/team\/xavier-barrachina\/\"><img loading=\"lazy\" decoding=\"async\" src=\"https:\/\/thealmondconnection.com\/wp-content\/uploads\/2014\/02\/xavier_barrachina-500x750-480x720.jpg\" alt=\"\" class=\"\" width=\"480\" height=\"720\" \/><\/a>\n\t\t\t\t\t\t\n\t\t<\/div>\n\t<\/div>\n\t\n\t<div class=\"person_data\">\n\n\t\t\t\t\t<h5 class=\"person_name\"><a href=\"https:\/\/thealmondconnection.com\/es\/team\/xavier-barrachina\/\">Xavier Barrachina<\/a><\/h5>\n\t\t\n\t\t\t\t\t<span class=\"position\">Connector - Comunicaci\u00f3n<\/span>\n\t\t\n\t\t\t\t<div class=\"profile\">\n\t\t\t<p>Comunicador nato y networker. Como periodista de raza defiende la integridad en la comunicaci\u00f3n y trabaja por inculcar esta visi\u00f3n a los directivos de las compa\u00f1\u00edas a las que asesora.<\/p>\n<p>Combina su pasi\u00f3n por la comunicaci\u00f3n con el amor por el vino, as\u00ed que no dudes en pedirle una copa de una de las bodegas biodin\u00e1micas m\u00e1s interesantes del Priorat.<\/p>\n\t\t<\/div> \n\t\t\n\t\t<div class=\"person_links_wrapper\"><ul class=\"social_media\"><li class=\"mail\"><a class=\"ui-icon-mail\" target=\"_self\" href=\"mailto:xavier@thealmondconnection.com\" title=\"Email\"><span>Send Email<\/span><\/a><\/li><li class=\"twitter\"><a class=\"ui-icon-twitter\" target=\"_blank\" href=\"https:\/\/twitter.com\/TheAlmondTeam\" title=\"Twitter\"><span>Twitter<\/span><\/a><\/li><li class=\"linkedin\"><a class=\"ui-icon-linkedin\" target=\"_blank\" href=\"https:\/\/linkedin.com\/in\/xavierbarrachina\" title=\"Linkedin\"><span>Linkedin<\/span><\/a><\/li><li class=\"instagram\"><a class=\"ui-icon-instagram\" target=\"_blank\" href=\"https:\/\/www.instagram.com\/thealmondconnection\/\" title=\"Instagram\"><span>Instagram<\/span><\/a><\/li><\/ul><\/div>\t\n\t<\/div> \n\t\n<\/div>\n\t\t\t<\/div>\n<div class=\"col col-sm-4\">\n\n<div class=\"loop default-style post-5156 staff type-staff status-publish has-post-thumbnail hentry\" id=\"person-5156\">\t\n\n\t\t<div class=\"person_image\">\t\t\n\t\t<div class=\"person_image_wrapper\">\n\t\t\t\n\t\t\t\t\t\t\t<a href=\"https:\/\/thealmondconnection.com\/es\/team\/marta-estadella\/\"><img loading=\"lazy\" decoding=\"async\" src=\"https:\/\/thealmondconnection.com\/wp-content\/uploads\/2014\/02\/marta_estadella-500x750-480x720.jpg\" alt=\"\" class=\"\" width=\"480\" height=\"720\" \/><\/a>\n\t\t\t\t\t\t\n\t\t<\/div>\n\t<\/div>\n\t\n\t<div class=\"person_data\">\n\n\t\t\t\t\t<h5 class=\"person_name\"><a href=\"https:\/\/thealmondconnection.com\/es\/team\/marta-estadella\/\">Marta Estadella<\/a><\/h5>\n\t\t\n\t\t\t\t\t<span class=\"position\">Conectora - Insights &amp; Marketing<\/span>\n\t\t\n\t\t\t\t<div class=\"profile\">\n\t\t\t<p>Experta en marketing y en insights tras 20 a\u00f1os de exitosa carrera en Unilever. Le apasiona conectar datos y personas, y ha adquirido una gran intuici\u00f3n para conectar ideas, insights, desaf\u00edos, sue\u00f1os &#8230; con la creencia de que cada uno de nosotros tiene un talento interno por explotar y la capacidad de desarrollarlo.<\/p>\n<p>Es una aut\u00e9ntica fan del Bar\u00e7a y adora los deportes: esqu\u00ed, ciclismo, tenis, baloncesto o f\u00fatbol, especialmente en contacto con la naturaleza.<\/p>\n\t\t<\/div> \n\t\t\n\t\t<div class=\"person_links_wrapper\"><ul class=\"social_media\"><li class=\"mail\"><a class=\"ui-icon-mail\" target=\"_self\" href=\"mailto:marta@thealmondconnection.com\" title=\"Email\"><span>Send Email<\/span><\/a><\/li><li class=\"twitter\"><a class=\"ui-icon-twitter\" target=\"_blank\" href=\"https:\/\/twitter.com\/TheAlmondTeam\" title=\"Twitter\"><span>Twitter<\/span><\/a><\/li><li class=\"linkedin\"><a class=\"ui-icon-linkedin\" target=\"_blank\" href=\"https:\/\/linkedin.com\/in\/marta-estadella-brillas-27745bb\" title=\"Linkedin\"><span>Linkedin<\/span><\/a><\/li><li class=\"instagram\"><a class=\"ui-icon-instagram\" target=\"_blank\" href=\"https:\/\/www.instagram.com\/thealmondconnection\/\" title=\"Instagram\"><span>Instagram<\/span><\/a><\/li><\/ul><\/div>\t\n\t<\/div> \n\t\n<\/div>\n\t\t\t<\/div>\n<\/div><\/section>[\/vc_column][\/vc_row][vc_row rt_row_background_width=\u00bbfullwidth\u00bb rt_row_content_width=\u00bbdefault\u00bb rt_row_style=\u00bbdefault-style\u00bb rt_row_height=\u00bb\u00bb rt_column_placement=\u00bbmiddle\u00bb rt_column_gaps=\u00bb\u00bb rt_row_shadows=\u00bb\u00bb rt_row_paddings=\u00bbtrue\u00bb rt_row_borders=\u00bb\u00bb rt_bg_effect=\u00bbclassic\u00bb rt_transparent_bg=\u00bbtrue\u00bb rt_bg_image_repeat=\u00bbrepeat\u00bb rt_bg_size=\u00bbcover\u00bb rt_bg_position=\u00bbright top\u00bb rt_bg_attachment=\u00bbscroll\u00bb rt_bg_layer=\u00bbcustom\u00bb rt_bg_v_align=\u00bbtop\u00bb rt_bg_h_align=\u00bbleft\u00bb rt_bg_video_format=\u00bbself-hosted\u00bb rt_layer_color=\u00bb#000000&#8243; rt_bg_custom_height=\u00bb100px\u00bb rt_padding_top=\u00bb40&#8243; rt_padding_bottom=\u00bb40&#8243; class=\u00bbalmond-gradient-label\u00bb][vc_column rt_col_paddings=\u00bbtrue\u00bb rt_wrp_col_paddings=\u00bbfalse\u00bb rt_column_shadow=\u00bb\u00bb rt_border_top=\u00bb\u00bb rt_border_bottom=\u00bb\u00bb rt_border_left=\u00bb\u00bb rt_border_right=\u00bb\u00bb rt_border_top_mobile=\u00bb\u00bb rt_border_bottom_mobile=\u00bb\u00bb rt_border_left_mobile=\u00bb\u00bb rt_border_right_mobile=\u00bb\u00bb rt_bg_image_repeat=\u00bbrepeat\u00bb rt_bg_size=\u00bbauto auto\u00bb rt_bg_position=\u00bbright top\u00bb rt_bg_attachment=\u00bbscroll\u00bb]<section id=\"staff-813792\" class=\"team clearfix fixed_heights rt-flex-wrapper \"><div class=\"row clearfix\"><div class=\"col col-sm-4\">\n\n<div class=\"loop default-style post-7326 staff type-staff status-publish has-post-thumbnail hentry\" id=\"person-7326\">\t\n\n\t\t<div class=\"person_image\">\t\t\n\t\t<div class=\"person_image_wrapper\">\n\t\t\t\n\t\t\t\t\t\t\t<img loading=\"lazy\" decoding=\"async\" src=\"https:\/\/thealmondconnection.com\/wp-content\/uploads\/2023\/03\/reyes_guillen-480x720-1.jpg\" alt=\"reyes_guillen-480x720\" class=\"\" width=\"480\" height=\"720\" \/>\t\t\t\t\t\t\n\t\t<\/div>\n\t<\/div>\n\t\n\t<div class=\"person_data\">\n\n\t\t\t\t\t<h5 class=\"person_name\">Reyes Guill\u00e9n<\/h5>\n\t\t\n\t\t\t\t\t<span class=\"position\">Finance &amp; Insights<\/span>\n\t\t\n\t\t\t\t<div class=\"profile\">\n\t\t\t<p>Cuenta con una amplia experiencia en Finanzas, Marketing e Investigaci\u00f3n de Mercados dentro de Unilever +15Y. <\/p>\n<p>Le apasiona el mundo de la nutrici\u00f3n y c\u00f3mo \u00e9sta puede contribuir a mejorar nuestra salud, igual que seguir las tendencias en alimentaci\u00f3n. Es una amante del f\u00fatbol y en especial del Bar\u00e7a.<\/p>\n\t\t<\/div> \n\t\t\n\t\t<div class=\"person_links_wrapper\"><ul class=\"social_media\"><li class=\"mail\"><a class=\"ui-icon-mail\" target=\"_self\" href=\"mailto:reyes@thealmondconnection.com\" title=\"Email\"><span>Enviar correo<\/span><\/a><\/li><li class=\"twitter\"><a class=\"ui-icon-twitter\" target=\"_blank\" href=\"https:\/\/twitter.com\/TheAlmondTeam\" title=\"Twitter\"><span>Twitter<\/span><\/a><\/li><li class=\"instagram\"><a class=\"ui-icon-instagram\" target=\"_blank\" href=\"https:\/\/www.instagram.com\/thealmondconnection\/\" title=\"Instagram\"><span>Instagram<\/span><\/a><\/li><\/ul><\/div>\t\n\t<\/div> \n\t\n<\/div>\n\t\t\t<\/div>\n<\/div><\/section>[\/vc_column][\/vc_row][vc_row rt_row_background_width=\u00bbfullwidth\u00bb rt_row_content_width=\u00bbdefault\u00bb rt_row_style=\u00bbdefault-style\u00bb rt_row_height=\u00bb\u00bb rt_column_placement=\u00bbmiddle\u00bb rt_column_gaps=\u00bb\u00bb rt_row_shadows=\u00bb\u00bb rt_row_paddings=\u00bbtrue\u00bb rt_row_borders=\u00bb\u00bb rt_bg_effect=\u00bbclassic\u00bb rt_transparent_bg=\u00bbtrue\u00bb rt_bg_image_repeat=\u00bbrepeat\u00bb rt_bg_size=\u00bbcover\u00bb rt_bg_position=\u00bbright top\u00bb rt_bg_attachment=\u00bbscroll\u00bb rt_bg_layer=\u00bbcustom\u00bb rt_bg_v_align=\u00bbtop\u00bb rt_bg_h_align=\u00bbleft\u00bb rt_bg_video_format=\u00bbself-hosted\u00bb rt_layer_color=\u00bb#000000&#8243; rt_bg_custom_height=\u00bb100px\u00bb rt_padding_top=\u00bb40&#8243; rt_padding_bottom=\u00bb40&#8243; class=\u00bbalmond-gradient-label\u00bb][vc_column rt_col_paddings=\u00bbtrue\u00bb rt_wrp_col_paddings=\u00bbfalse\u00bb rt_column_shadow=\u00bb\u00bb rt_border_top=\u00bb\u00bb rt_border_bottom=\u00bb\u00bb rt_border_left=\u00bb\u00bb rt_border_right=\u00bb\u00bb rt_border_top_mobile=\u00bb\u00bb rt_border_bottom_mobile=\u00bb\u00bb rt_border_left_mobile=\u00bb\u00bb rt_border_right_mobile=\u00bb\u00bb rt_bg_image_repeat=\u00bbrepeat\u00bb rt_bg_size=\u00bbauto auto\u00bb rt_bg_position=\u00bbright top\u00bb rt_bg_attachment=\u00bbscroll\u00bb]<section id=\"staff-436101\" class=\"team clearfix fixed_heights rt-flex-wrapper \"><\/section>[\/vc_column][\/vc_row]<\/p>\n","protected":false},"excerpt":{"rendered":"<p>[vc_row rt_row_background_width=\u00bbfullwidth\u00bb rt_row_content_width=\u00bbdefault\u00bb rt_row_style=\u00bbdefault-style\u00bb rt_row_height=\u00bb\u00bb rt_column_placement=\u00bbmiddle\u00bb rt_column_gaps=\u00bb\u00bb rt_row_shadows=\u00bb\u00bb rt_row_paddings=\u00bbtrue\u00bb rt_row_borders=\u00bb\u00bb rt_bg_effect=\u00bbclassic\u00bb rt_transparent_bg=\u00bbtrue\u00bb rt_bg_image_repeat=\u00bbrepeat\u00bb rt_bg_size=\u00bbcover\u00bb rt_bg_position=\u00bbright top\u00bb rt_bg_attachment=\u00bbscroll\u00bb rt_bg_layer=\u00bbcustom\u00bb rt_bg_v_align=\u00bbtop\u00bb rt_bg_h_align=\u00bbleft\u00bb rt_bg_video_format=\u00bbself-hosted\u00bb rt_layer_color=\u00bb#000000&#8243; rt_bg_custom_height=\u00bb100px\u00bb rt_padding_top=\u00bb40&#8243; class=\u00bbalmond-gradient-label\u00bb][vc_column rt_col_paddings=\u00bbtrue\u00bb rt_wrp_col_paddings=\u00bbfalse\u00bb rt_column_shadow=\u00bb\u00bb rt_border_top=\u00bb\u00bb rt_border_bottom=\u00bb\u00bb rt_border_left=\u00bb\u00bb rt_border_right=\u00bb\u00bb rt_border_top_mobile=\u00bb\u00bb rt_border_bottom_mobile=\u00bb\u00bb rt_border_left_mobile=\u00bb\u00bb rt_border_right_mobile=\u00bb\u00bb rt_bg_image_repeat=\u00bbrepeat\u00bb rt_bg_size=\u00bbauto auto\u00bb rt_bg_position=\u00bbright top\u00bb rt_bg_attachment=\u00bbscroll\u00bb][\/vc_column][\/vc_row][vc_row rt_row_background_width=\u00bbfullwidth\u00bb rt_row_content_width=\u00bbdefault\u00bb rt_row_style=\u00bbdefault-style\u00bb rt_row_height=\u00bb\u00bb rt_column_placement=\u00bbmiddle\u00bb rt_column_gaps=\u00bb\u00bb rt_row_shadows=\u00bb\u00bb rt_row_paddings=\u00bbtrue\u00bb rt_row_borders=\u00bb\u00bb rt_bg_effect=\u00bbclassic\u00bb rt_transparent_bg=\u00bbtrue\u00bb rt_bg_image_repeat=\u00bbrepeat\u00bb rt_bg_size=\u00bbcover\u00bb [&hellip;]<\/p>\n","protected":false},"author":1,"featured_media":0,"parent":0,"menu_order":0,"comment_status":"closed","ping_status":"closed","template":"","meta":{"content-type":"","_monsterinsights_skip_tracking":false,"_monsterinsights_sitenote_active":false,"_monsterinsights_sitenote_note":"","_monsterinsights_sitenote_category":0,"footnotes":""},"_links":{"self":[{"href":"https:\/\/thealmondconnection.com\/es\/wp-json\/wp\/v2\/pages\/5137"}],"collection":[{"href":"https:\/\/thealmondconnection.com\/es\/wp-json\/wp\/v2\/pages"}],"about":[{"href":"https:\/\/thealmondconnection.com\/es\/wp-json\/wp\/v2\/types\/page"}],"author":[{"embeddable":true,"href":"https:\/\/thealmondconnection.com\/es\/wp-json\/wp\/v2\/users\/1"}],"replies":[{"embeddable":true,"href":"https:\/\/thealmondconnection.com\/es\/wp-json\/wp\/v2\/comments?post=5137"}],"version-history":[{"count":14,"href":"https:\/\/thealmondconnection.com\/es\/wp-json\/wp\/v2\/pages\/5137\/revisions"}],"predecessor-version":[{"id":7363,"href":"https:\/\/thealmondconnection.com\/es\/wp-json\/wp\/v2\/pages\/5137\/revisions\/7363"}],"wp:attachment":[{"href":"https:\/\/thealmondconnection.com\/es\/wp-json\/wp\/v2\/media?parent=5137"}],"curies":[{"name":"wp","href":"https:\/\/api.w.org\/{rel}","templated":true}]}}