{"id":5400,"date":"2019-01-03T11:21:01","date_gmt":"2019-01-03T11:21:01","guid":{"rendered":"https:\/\/thealmondconnection.com\/insights\/how\/"},"modified":"2020-12-30T10:39:43","modified_gmt":"2020-12-30T10:39:43","slug":"how","status":"publish","type":"page","link":"https:\/\/thealmondconnection.com\/es\/insights\/how\/","title":{"rendered":"Insights &#8211; How"},"content":{"rendered":"<p>[vc_section][vc_row rt_row_background_width=\u00bbfullwidth\u00bb rt_row_content_width=\u00bbdefault\u00bb rt_row_style=\u00bbdefault-style\u00bb rt_row_height=\u00bb\u00bb rt_column_placement=\u00bbmiddle\u00bb rt_column_gaps=\u00bb\u00bb rt_row_shadows=\u00bb\u00bb id=\u00bbroot-issue\u00bb rt_row_paddings=\u00bbtrue\u00bb rt_row_borders=\u00bb\u00bb rt_bg_effect=\u00bbclassic\u00bb rt_transparent_bg=\u00bbfalse\u00bb rt_bg_image_repeat=\u00bbrepeat\u00bb rt_bg_size=\u00bbcover\u00bb rt_bg_position=\u00bbright top\u00bb rt_bg_attachment=\u00bbscroll\u00bb rt_bg_layer=\u00bb\u00bb rt_bg_video_format=\u00bbself-hosted\u00bb rt_padding_top=\u00bb40&#8243; rt_padding_bottom=\u00bb20&#8243;][vc_column width=\u00bb1\/6&#8243; rt_col_paddings=\u00bbtrue\u00bb rt_wrp_col_paddings=\u00bbfalse\u00bb rt_column_shadow=\u00bb\u00bb rt_border_top=\u00bb\u00bb rt_border_bottom=\u00bb\u00bb rt_border_left=\u00bb\u00bb rt_border_right=\u00bb\u00bb rt_border_top_mobile=\u00bb\u00bb rt_border_bottom_mobile=\u00bb\u00bb rt_border_left_mobile=\u00bb\u00bb rt_border_right_mobile=\u00bb\u00bb rt_bg_image_repeat=\u00bbrepeat\u00bb rt_bg_size=\u00bbauto auto\u00bb rt_bg_position=\u00bbright top\u00bb rt_bg_attachment=\u00bbscroll\u00bb][vc_single_image image=\u00bb4231&#8243; img_size=\u00bbfull\u00bb alignment=\u00bbcenter\u00bb][\/vc_column][vc_column width=\u00bb5\/6&#8243; rt_col_paddings=\u00bbtrue\u00bb rt_wrp_col_paddings=\u00bbfalse\u00bb rt_column_shadow=\u00bb\u00bb rt_border_top=\u00bb\u00bb rt_border_bottom=\u00bb\u00bb rt_border_left=\u00bb\u00bb rt_border_right=\u00bb\u00bb rt_border_top_mobile=\u00bb\u00bb rt_border_bottom_mobile=\u00bb\u00bb rt_border_left_mobile=\u00bb\u00bb rt_border_right_mobile=\u00bb\u00bb rt_bg_image_repeat=\u00bbrepeat\u00bb rt_bg_size=\u00bbauto auto\u00bb rt_bg_position=\u00bbright top\u00bb rt_bg_attachment=\u00bbscroll\u00bb][vc_column_text]<\/p>\n<p style=\"text-align: justify;\">Vamos a la ra\u00edz del problema: hay que formular las preguntas adecuadas para encontrar la soluci\u00f3n real al problema y no abordar \u00fanicamente los s\u00edntomas. Analizamos la situaci\u00f3n desde los distintos prismas para ofrecer las respuestas correctas.<\/p>\n<p>[\/vc_column_text][\/vc_column][\/vc_row][vc_row rt_row_background_width=\u00bbfullwidth\u00bb rt_row_content_width=\u00bbdefault\u00bb rt_row_style=\u00bbdefault-style\u00bb rt_row_height=\u00bb\u00bb rt_column_placement=\u00bbmiddle\u00bb rt_column_gaps=\u00bb\u00bb rt_row_shadows=\u00bb\u00bb id=\u00bbinspiring-research\u00bb rt_row_paddings=\u00bbtrue\u00bb rt_row_borders=\u00bbtop,bottom\u00bb rt_bg_effect=\u00bbclassic\u00bb rt_transparent_bg=\u00bbfalse\u00bb rt_bg_image_repeat=\u00bbrepeat\u00bb rt_bg_size=\u00bbcover\u00bb rt_bg_position=\u00bbright top\u00bb rt_bg_attachment=\u00bbscroll\u00bb rt_bg_layer=\u00bb\u00bb rt_bg_video_format=\u00bbself-hosted\u00bb rt_padding_top=\u00bb20&#8243; rt_padding_bottom=\u00bb20&#8243; rt_border_size=\u00bb3&#8243; rt_border_color=\u00bb#bbbdc0&#8243;][vc_column width=\u00bb5\/6&#8243; rt_col_paddings=\u00bbtrue\u00bb rt_wrp_col_paddings=\u00bbfalse\u00bb rt_column_shadow=\u00bb\u00bb rt_border_top=\u00bb\u00bb rt_border_bottom=\u00bb\u00bb rt_border_left=\u00bb\u00bb rt_border_right=\u00bb\u00bb rt_border_top_mobile=\u00bb\u00bb rt_border_bottom_mobile=\u00bb\u00bb rt_border_left_mobile=\u00bb\u00bb rt_border_right_mobile=\u00bb\u00bb rt_bg_image_repeat=\u00bbrepeat\u00bb rt_bg_size=\u00bbauto auto\u00bb rt_bg_position=\u00bbright top\u00bb rt_bg_attachment=\u00bbscroll\u00bb][vc_column_text]<\/p>\n<p style=\"text-align: right;\">Aprovechamos al m\u00e1ximo la informaci\u00f3n existente y solo recomendamos nuevas investigaciones si es necesario. Conectamos los diferentes datos y extraemos los insights. Para ello, estructuramos la informaci\u00f3n, utilizando nuestro\u00a0 Insights Cube.<\/p>\n<p>[\/vc_column_text][\/vc_column][vc_column width=\u00bb1\/6&#8243; rt_col_paddings=\u00bbtrue\u00bb rt_wrp_col_paddings=\u00bbfalse\u00bb rt_column_shadow=\u00bb\u00bb rt_border_top=\u00bb\u00bb rt_border_bottom=\u00bb\u00bb rt_border_left=\u00bb\u00bb rt_border_right=\u00bb\u00bb rt_border_top_mobile=\u00bb\u00bb rt_border_bottom_mobile=\u00bb\u00bb rt_border_left_mobile=\u00bb\u00bb rt_border_right_mobile=\u00bb\u00bb rt_bg_image_repeat=\u00bbrepeat\u00bb rt_bg_size=\u00bbauto auto\u00bb rt_bg_position=\u00bbright top\u00bb rt_bg_attachment=\u00bbscroll\u00bb][vc_single_image image=\u00bb4232&#8243; img_size=\u00bbfull\u00bb alignment=\u00bbcenter\u00bb][\/vc_column][\/vc_row][vc_row rt_row_background_width=\u00bbfullwidth\u00bb rt_row_content_width=\u00bbdefault\u00bb rt_row_style=\u00bbdefault-style\u00bb rt_row_height=\u00bb\u00bb rt_column_placement=\u00bbmiddle\u00bb rt_column_gaps=\u00bb\u00bb rt_row_shadows=\u00bb\u00bb id=\u00bbgrowth-strategy\u00bb rt_row_paddings=\u00bbtrue\u00bb rt_row_borders=\u00bb\u00bb rt_bg_effect=\u00bbclassic\u00bb rt_transparent_bg=\u00bbfalse\u00bb rt_bg_image_repeat=\u00bbrepeat\u00bb rt_bg_size=\u00bbcover\u00bb rt_bg_position=\u00bbright top\u00bb rt_bg_attachment=\u00bbscroll\u00bb rt_bg_layer=\u00bb\u00bb rt_bg_video_format=\u00bbself-hosted\u00bb rt_padding_top=\u00bb20&#8243; rt_padding_bottom=\u00bb20&#8243;][vc_column width=\u00bb1\/6&#8243; rt_col_paddings=\u00bbtrue\u00bb rt_wrp_col_paddings=\u00bbfalse\u00bb rt_column_shadow=\u00bb\u00bb rt_border_top=\u00bb\u00bb rt_border_bottom=\u00bb\u00bb rt_border_left=\u00bb\u00bb rt_border_right=\u00bb\u00bb rt_border_top_mobile=\u00bb\u00bb rt_border_bottom_mobile=\u00bb\u00bb rt_border_left_mobile=\u00bb\u00bb rt_border_right_mobile=\u00bb\u00bb rt_bg_image_repeat=\u00bbrepeat\u00bb rt_bg_size=\u00bbauto auto\u00bb rt_bg_position=\u00bbright top\u00bb rt_bg_attachment=\u00bbscroll\u00bb][vc_single_image image=\u00bb4233&#8243; img_size=\u00bbfull\u00bb alignment=\u00bbcenter\u00bb][\/vc_column][vc_column width=\u00bb5\/6&#8243; rt_col_paddings=\u00bbtrue\u00bb rt_wrp_col_paddings=\u00bbfalse\u00bb rt_column_shadow=\u00bb\u00bb rt_border_top=\u00bb\u00bb rt_border_bottom=\u00bb\u00bb rt_border_left=\u00bb\u00bb rt_border_right=\u00bb\u00bb rt_border_top_mobile=\u00bb\u00bb rt_border_bottom_mobile=\u00bb\u00bb rt_border_left_mobile=\u00bb\u00bb rt_border_right_mobile=\u00bb\u00bb rt_bg_image_repeat=\u00bbrepeat\u00bb rt_bg_size=\u00bbauto auto\u00bb rt_bg_position=\u00bbright top\u00bb rt_bg_attachment=\u00bbscroll\u00bb][vc_column_text]<\/p>\n<p style=\"text-align: justify;\">Formulamos las hip\u00f3tesis e identificamos lagunas de informaci\u00f3n junto con el equipo.<\/p>\n<p>[\/vc_column_text][\/vc_column][\/vc_row][vc_row rt_row_background_width=\u00bbfullwidth\u00bb rt_row_content_width=\u00bbdefault\u00bb rt_row_style=\u00bbdefault-style\u00bb rt_row_height=\u00bb\u00bb rt_column_placement=\u00bbmiddle\u00bb rt_column_gaps=\u00bb\u00bb rt_row_shadows=\u00bb\u00bb id=\u00bbsparkling-insights\u00bb rt_row_paddings=\u00bbtrue\u00bb rt_row_borders=\u00bbtop,bottom\u00bb rt_bg_effect=\u00bbclassic\u00bb rt_transparent_bg=\u00bbfalse\u00bb rt_bg_image_repeat=\u00bbrepeat\u00bb rt_bg_size=\u00bbcover\u00bb rt_bg_position=\u00bbright top\u00bb rt_bg_attachment=\u00bbscroll\u00bb rt_bg_layer=\u00bb\u00bb rt_bg_video_format=\u00bbself-hosted\u00bb rt_padding_top=\u00bb20&#8243; rt_padding_bottom=\u00bb20&#8243; rt_border_size=\u00bb3&#8243; rt_border_color=\u00bb#bbbdc0&#8243;][vc_column width=\u00bb5\/6&#8243; rt_col_paddings=\u00bbtrue\u00bb rt_wrp_col_paddings=\u00bbfalse\u00bb rt_column_shadow=\u00bb\u00bb rt_border_top=\u00bb\u00bb rt_border_bottom=\u00bb\u00bb rt_border_left=\u00bb\u00bb rt_border_right=\u00bb\u00bb rt_border_top_mobile=\u00bb\u00bb rt_border_bottom_mobile=\u00bb\u00bb rt_border_left_mobile=\u00bb\u00bb rt_border_right_mobile=\u00bb\u00bb rt_bg_image_repeat=\u00bbrepeat\u00bb rt_bg_size=\u00bbauto auto\u00bb rt_bg_position=\u00bbright top\u00bb rt_bg_attachment=\u00bbscroll\u00bb][vc_column_text]<\/p>\n<p style=\"text-align: right;\">Si detectamos que es necesario tener m\u00e1s informaci\u00f3n, podemos obtenerla mediante una nueva investigaci\u00f3n (Cualitativa\/o Cuantitativa)<\/p>\n<p>[\/vc_column_text][\/vc_column][vc_column width=\u00bb1\/6&#8243; rt_col_paddings=\u00bbtrue\u00bb rt_wrp_col_paddings=\u00bbfalse\u00bb rt_column_shadow=\u00bb\u00bb rt_border_top=\u00bb\u00bb rt_border_bottom=\u00bb\u00bb rt_border_left=\u00bb\u00bb rt_border_right=\u00bb\u00bb rt_border_top_mobile=\u00bb\u00bb rt_border_bottom_mobile=\u00bb\u00bb rt_border_left_mobile=\u00bb\u00bb rt_border_right_mobile=\u00bb\u00bb rt_bg_image_repeat=\u00bbrepeat\u00bb rt_bg_size=\u00bbauto auto\u00bb rt_bg_position=\u00bbright top\u00bb rt_bg_attachment=\u00bbscroll\u00bb][vc_single_image image=\u00bb4234&#8243; img_size=\u00bbfull\u00bb alignment=\u00bbcenter\u00bb][\/vc_column][\/vc_row][vc_row rt_row_background_width=\u00bbfullwidth\u00bb rt_row_content_width=\u00bbdefault\u00bb rt_row_style=\u00bbdefault-style\u00bb rt_row_height=\u00bb\u00bb rt_column_placement=\u00bbmiddle\u00bb rt_column_gaps=\u00bb\u00bb rt_row_shadows=\u00bb\u00bb id=\u00bbgrowth-strategy\u00bb rt_row_paddings=\u00bbtrue\u00bb rt_row_borders=\u00bb\u00bb rt_bg_effect=\u00bbclassic\u00bb rt_transparent_bg=\u00bbfalse\u00bb rt_bg_image_repeat=\u00bbrepeat\u00bb rt_bg_size=\u00bbcover\u00bb rt_bg_position=\u00bbright top\u00bb rt_bg_attachment=\u00bbscroll\u00bb rt_bg_layer=\u00bb\u00bb rt_bg_video_format=\u00bbself-hosted\u00bb rt_padding_top=\u00bb20&#8243; rt_padding_bottom=\u00bb20&#8243;][vc_column width=\u00bb1\/6&#8243; rt_col_paddings=\u00bbtrue\u00bb rt_wrp_col_paddings=\u00bbfalse\u00bb rt_column_shadow=\u00bb\u00bb rt_border_top=\u00bb\u00bb rt_border_bottom=\u00bb\u00bb rt_border_left=\u00bb\u00bb rt_border_right=\u00bb\u00bb rt_border_top_mobile=\u00bb\u00bb rt_border_bottom_mobile=\u00bb\u00bb rt_border_left_mobile=\u00bb\u00bb rt_border_right_mobile=\u00bb\u00bb rt_bg_image_repeat=\u00bbrepeat\u00bb rt_bg_size=\u00bbauto auto\u00bb rt_bg_position=\u00bbright top\u00bb rt_bg_attachment=\u00bbscroll\u00bb][vc_single_image image=\u00bb4235&#8243; img_size=\u00bbfull\u00bb alignment=\u00bbcenter\u00bb][\/vc_column][vc_column width=\u00bb5\/6&#8243; rt_col_paddings=\u00bbtrue\u00bb rt_wrp_col_paddings=\u00bbfalse\u00bb rt_column_shadow=\u00bb\u00bb rt_border_top=\u00bb\u00bb rt_border_bottom=\u00bb\u00bb rt_border_left=\u00bb\u00bb rt_border_right=\u00bb\u00bb rt_border_top_mobile=\u00bb\u00bb rt_border_bottom_mobile=\u00bb\u00bb rt_border_left_mobile=\u00bb\u00bb rt_border_right_mobile=\u00bb\u00bb rt_bg_image_repeat=\u00bbrepeat\u00bb rt_bg_size=\u00bbauto auto\u00bb rt_bg_position=\u00bbright top\u00bb rt_bg_attachment=\u00bbscroll\u00bb][vc_column_text]<\/p>\n<p style=\"text-align: justify;\">Reconectar: esta es una fase llena de nuevas experiencias y aprendizajes de por vida para todo el equipo. La reconexi\u00f3n mejora la comprensi\u00f3n intuitiva del consumidor \/ comprador, facilitando as\u00ed la toma de decisiones en el futuro.<\/p>\n<p>[\/vc_column_text][\/vc_column][\/vc_row][vc_row rt_row_background_width=\u00bbfullwidth\u00bb rt_row_content_width=\u00bbdefault\u00bb rt_row_style=\u00bbdefault-style\u00bb rt_row_height=\u00bb\u00bb rt_column_placement=\u00bbmiddle\u00bb rt_column_gaps=\u00bb\u00bb rt_row_shadows=\u00bb\u00bb id=\u00bbsparkling-insights\u00bb rt_row_paddings=\u00bbtrue\u00bb rt_row_borders=\u00bbtop,bottom\u00bb rt_bg_effect=\u00bbclassic\u00bb rt_transparent_bg=\u00bbfalse\u00bb rt_bg_image_repeat=\u00bbrepeat\u00bb rt_bg_size=\u00bbcover\u00bb rt_bg_position=\u00bbright top\u00bb rt_bg_attachment=\u00bbscroll\u00bb rt_bg_layer=\u00bb\u00bb rt_bg_video_format=\u00bbself-hosted\u00bb rt_padding_top=\u00bb20&#8243; rt_padding_bottom=\u00bb20&#8243; rt_border_size=\u00bb3&#8243; rt_border_color=\u00bb#bbbdc0&#8243;][vc_column width=\u00bb5\/6&#8243; rt_col_paddings=\u00bbtrue\u00bb rt_wrp_col_paddings=\u00bbfalse\u00bb rt_column_shadow=\u00bb\u00bb rt_border_top=\u00bb\u00bb rt_border_bottom=\u00bb\u00bb rt_border_left=\u00bb\u00bb rt_border_right=\u00bb\u00bb rt_border_top_mobile=\u00bb\u00bb rt_border_bottom_mobile=\u00bb\u00bb rt_border_left_mobile=\u00bb\u00bb rt_border_right_mobile=\u00bb\u00bb rt_bg_image_repeat=\u00bbrepeat\u00bb rt_bg_size=\u00bbauto auto\u00bb rt_bg_position=\u00bbright top\u00bb rt_bg_attachment=\u00bbscroll\u00bb][vc_column_text]<\/p>\n<p style=\"text-align: right;\">Juntos recogemos todas las observaciones (el WHAT) y extraemos los insights (el WHY)\u00a0 y las <em>plataformas de insights<\/em> (las OPORTUNIDADES). En esta fase es cuando surge la magia y el conocimiento se transforma en acci\u00f3n.<\/p>\n<p>[\/vc_column_text][\/vc_column][vc_column width=\u00bb1\/6&#8243; rt_col_paddings=\u00bbtrue\u00bb rt_wrp_col_paddings=\u00bbfalse\u00bb rt_column_shadow=\u00bb\u00bb rt_border_top=\u00bb\u00bb rt_border_bottom=\u00bb\u00bb rt_border_left=\u00bb\u00bb rt_border_right=\u00bb\u00bb rt_border_top_mobile=\u00bb\u00bb rt_border_bottom_mobile=\u00bb\u00bb rt_border_left_mobile=\u00bb\u00bb rt_border_right_mobile=\u00bb\u00bb rt_bg_image_repeat=\u00bbrepeat\u00bb rt_bg_size=\u00bbauto auto\u00bb rt_bg_position=\u00bbright top\u00bb rt_bg_attachment=\u00bbscroll\u00bb][vc_single_image image=\u00bb4236&#8243; img_size=\u00bbfull\u00bb alignment=\u00bbcenter\u00bb][\/vc_column][\/vc_row][vc_row rt_row_background_width=\u00bbfullwidth\u00bb rt_row_content_width=\u00bbdefault\u00bb rt_row_style=\u00bbdefault-style\u00bb rt_row_height=\u00bb\u00bb rt_column_placement=\u00bbmiddle\u00bb rt_column_gaps=\u00bb\u00bb rt_row_shadows=\u00bb\u00bb id=\u00bbgrowth-strategy\u00bb rt_row_paddings=\u00bbtrue\u00bb rt_row_borders=\u00bb\u00bb rt_bg_effect=\u00bbclassic\u00bb rt_transparent_bg=\u00bbfalse\u00bb rt_bg_image_repeat=\u00bbrepeat\u00bb rt_bg_size=\u00bbcover\u00bb rt_bg_position=\u00bbright top\u00bb rt_bg_attachment=\u00bbscroll\u00bb rt_bg_layer=\u00bb\u00bb rt_bg_video_format=\u00bbself-hosted\u00bb rt_padding_top=\u00bb20&#8243; rt_padding_bottom=\u00bb20&#8243;][vc_column width=\u00bb1\/6&#8243; rt_col_paddings=\u00bbtrue\u00bb rt_wrp_col_paddings=\u00bbfalse\u00bb rt_column_shadow=\u00bb\u00bb rt_border_top=\u00bb\u00bb rt_border_bottom=\u00bb\u00bb rt_border_left=\u00bb\u00bb rt_border_right=\u00bb\u00bb rt_border_top_mobile=\u00bb\u00bb rt_border_bottom_mobile=\u00bb\u00bb rt_border_left_mobile=\u00bb\u00bb rt_border_right_mobile=\u00bb\u00bb rt_bg_image_repeat=\u00bbrepeat\u00bb rt_bg_size=\u00bbauto auto\u00bb rt_bg_position=\u00bbright top\u00bb rt_bg_attachment=\u00bbscroll\u00bb][vc_single_image image=\u00bb4237&#8243; img_size=\u00bbfull\u00bb alignment=\u00bbcenter\u00bb][\/vc_column][vc_column width=\u00bb5\/6&#8243; rt_col_paddings=\u00bbtrue\u00bb rt_wrp_col_paddings=\u00bbfalse\u00bb rt_column_shadow=\u00bb\u00bb rt_border_top=\u00bb\u00bb rt_border_bottom=\u00bb\u00bb rt_border_left=\u00bb\u00bb rt_border_right=\u00bb\u00bb rt_border_top_mobile=\u00bb\u00bb rt_border_bottom_mobile=\u00bb\u00bb rt_border_left_mobile=\u00bb\u00bb rt_border_right_mobile=\u00bb\u00bb rt_bg_image_repeat=\u00bbrepeat\u00bb rt_bg_size=\u00bbauto auto\u00bb rt_bg_position=\u00bbright top\u00bb rt_bg_attachment=\u00bbscroll\u00bb][vc_column_text]Ayudamos a los equipos de marketing a convertir estos conocimientos en acciones concretas a trav\u00e9s de talleres creativos y\/o de activaci\u00f3n.[\/vc_column_text][\/vc_column][\/vc_row][vc_row rt_row_background_width=\u00bbfullwidth\u00bb rt_row_content_width=\u00bbdefault\u00bb rt_row_style=\u00bbdefault-style\u00bb rt_row_height=\u00bb\u00bb rt_column_placement=\u00bbmiddle\u00bb rt_column_gaps=\u00bb\u00bb rt_row_shadows=\u00bb\u00bb id=\u00bbsparkling-insights\u00bb rt_row_paddings=\u00bbtrue\u00bb rt_row_borders=\u00bbtop\u00bb rt_bg_effect=\u00bbclassic\u00bb rt_transparent_bg=\u00bbfalse\u00bb rt_bg_image_repeat=\u00bbrepeat\u00bb rt_bg_size=\u00bbcover\u00bb rt_bg_position=\u00bbright top\u00bb rt_bg_attachment=\u00bbscroll\u00bb rt_bg_layer=\u00bb\u00bb rt_bg_video_format=\u00bbself-hosted\u00bb rt_padding_top=\u00bb20&#8243; rt_padding_bottom=\u00bb20&#8243; rt_border_size=\u00bb3&#8243; rt_border_color=\u00bb#bbbdc0&#8243;][vc_column width=\u00bb5\/6&#8243; rt_col_paddings=\u00bbtrue\u00bb rt_wrp_col_paddings=\u00bbfalse\u00bb rt_column_shadow=\u00bb\u00bb rt_border_top=\u00bb\u00bb rt_border_bottom=\u00bb\u00bb rt_border_left=\u00bb\u00bb rt_border_right=\u00bb\u00bb rt_border_top_mobile=\u00bb\u00bb rt_border_bottom_mobile=\u00bb\u00bb rt_border_left_mobile=\u00bb\u00bb rt_border_right_mobile=\u00bb\u00bb rt_bg_image_repeat=\u00bbrepeat\u00bb rt_bg_size=\u00bbauto auto\u00bb rt_bg_position=\u00bbright top\u00bb rt_bg_attachment=\u00bbscroll\u00bb][vc_column_text]<\/p>\n<p style=\"text-align: right;\">En base a este enfoque, construimos estrategias ganadoras, y una comunicaci\u00f3n clara y coherente de 360\u00ba.<\/p>\n<p>[\/vc_column_text][\/vc_column][vc_column width=\u00bb1\/6&#8243; rt_col_paddings=\u00bbtrue\u00bb rt_wrp_col_paddings=\u00bbfalse\u00bb rt_column_shadow=\u00bb\u00bb rt_border_top=\u00bb\u00bb rt_border_bottom=\u00bb\u00bb rt_border_left=\u00bb\u00bb rt_border_right=\u00bb\u00bb rt_border_top_mobile=\u00bb\u00bb rt_border_bottom_mobile=\u00bb\u00bb rt_border_left_mobile=\u00bb\u00bb rt_border_right_mobile=\u00bb\u00bb rt_bg_image_repeat=\u00bbrepeat\u00bb rt_bg_size=\u00bbauto auto\u00bb rt_bg_position=\u00bbright top\u00bb rt_bg_attachment=\u00bbscroll\u00bb][vc_single_image image=\u00bb4238&#8243; img_size=\u00bbfull\u00bb alignment=\u00bbcenter\u00bb][\/vc_column][\/vc_row][\/vc_section]<\/p>\n","protected":false},"excerpt":{"rendered":"<p>[vc_section][vc_row rt_row_background_width=\u00bbfullwidth\u00bb rt_row_content_width=\u00bbdefault\u00bb rt_row_style=\u00bbdefault-style\u00bb rt_row_height=\u00bb\u00bb rt_column_placement=\u00bbmiddle\u00bb rt_column_gaps=\u00bb\u00bb rt_row_shadows=\u00bb\u00bb id=\u00bbroot-issue\u00bb rt_row_paddings=\u00bbtrue\u00bb rt_row_borders=\u00bb\u00bb rt_bg_effect=\u00bbclassic\u00bb rt_transparent_bg=\u00bbfalse\u00bb rt_bg_image_repeat=\u00bbrepeat\u00bb rt_bg_size=\u00bbcover\u00bb rt_bg_position=\u00bbright top\u00bb rt_bg_attachment=\u00bbscroll\u00bb rt_bg_layer=\u00bb\u00bb rt_bg_video_format=\u00bbself-hosted\u00bb rt_padding_top=\u00bb40&#8243; rt_padding_bottom=\u00bb20&#8243;][vc_column width=\u00bb1\/6&#8243; rt_col_paddings=\u00bbtrue\u00bb rt_wrp_col_paddings=\u00bbfalse\u00bb rt_column_shadow=\u00bb\u00bb rt_border_top=\u00bb\u00bb rt_border_bottom=\u00bb\u00bb rt_border_left=\u00bb\u00bb rt_border_right=\u00bb\u00bb rt_border_top_mobile=\u00bb\u00bb rt_border_bottom_mobile=\u00bb\u00bb rt_border_left_mobile=\u00bb\u00bb rt_border_right_mobile=\u00bb\u00bb rt_bg_image_repeat=\u00bbrepeat\u00bb rt_bg_size=\u00bbauto auto\u00bb rt_bg_position=\u00bbright top\u00bb rt_bg_attachment=\u00bbscroll\u00bb][vc_single_image image=\u00bb4231&#8243; img_size=\u00bbfull\u00bb alignment=\u00bbcenter\u00bb][\/vc_column][vc_column width=\u00bb5\/6&#8243; rt_col_paddings=\u00bbtrue\u00bb rt_wrp_col_paddings=\u00bbfalse\u00bb rt_column_shadow=\u00bb\u00bb rt_border_top=\u00bb\u00bb rt_border_bottom=\u00bb\u00bb rt_border_left=\u00bb\u00bb rt_border_right=\u00bb\u00bb rt_border_top_mobile=\u00bb\u00bb rt_border_bottom_mobile=\u00bb\u00bb rt_border_left_mobile=\u00bb\u00bb rt_border_right_mobile=\u00bb\u00bb [&hellip;]<\/p>\n","protected":false},"author":1,"featured_media":0,"parent":6852,"menu_order":0,"comment_status":"closed","ping_status":"closed","template":"","meta":{"content-type":"","_monsterinsights_skip_tracking":false,"_monsterinsights_sitenote_active":false,"_monsterinsights_sitenote_note":"","_monsterinsights_sitenote_category":0,"footnotes":""},"_links":{"self":[{"href":"https:\/\/thealmondconnection.com\/es\/wp-json\/wp\/v2\/pages\/5400"}],"collection":[{"href":"https:\/\/thealmondconnection.com\/es\/wp-json\/wp\/v2\/pages"}],"about":[{"href":"https:\/\/thealmondconnection.com\/es\/wp-json\/wp\/v2\/types\/page"}],"author":[{"embeddable":true,"href":"https:\/\/thealmondconnection.com\/es\/wp-json\/wp\/v2\/users\/1"}],"replies":[{"embeddable":true,"href":"https:\/\/thealmondconnection.com\/es\/wp-json\/wp\/v2\/comments?post=5400"}],"version-history":[{"count":4,"href":"https:\/\/thealmondconnection.com\/es\/wp-json\/wp\/v2\/pages\/5400\/revisions"}],"predecessor-version":[{"id":5404,"href":"https:\/\/thealmondconnection.com\/es\/wp-json\/wp\/v2\/pages\/5400\/revisions\/5404"}],"up":[{"embeddable":true,"href":"https:\/\/thealmondconnection.com\/es\/wp-json\/wp\/v2\/pages\/6852"}],"wp:attachment":[{"href":"https:\/\/thealmondconnection.com\/es\/wp-json\/wp\/v2\/media?parent=5400"}],"curies":[{"name":"wp","href":"https:\/\/api.w.org\/{rel}","templated":true}]}}